{"id":393,"date":"2023-12-19T15:59:19","date_gmt":"2023-12-19T14:59:19","guid":{"rendered":"https:\/\/montflours.fr\/?page_id=393"},"modified":"2026-01-27T12:13:35","modified_gmt":"2026-01-27T11:13:35","slug":"decisions","status":"publish","type":"page","link":"https:\/\/montflours.fr\/?page_id=393","title":{"rendered":"D\u00e9cisions du conseil municipal"},"content":{"rendered":"\n<h2 class=\"wp-block-heading\">PV du conseil municipal<\/h2>\n\n\n\n<p><a href=\"https:\/\/montflours.fr\/?page_id=692\" target=\"_blank\" rel=\"noreferrer noopener\">2026<\/a><\/p>\n\n\n\n<p><a href=\"https:\/\/montflours.fr\/?page_id=612\" target=\"_blank\" rel=\"noreferrer noopener\">2025<\/a><\/p>\n\n\n\n<p><a href=\"https:\/\/montflours.fr\/?page_id=415\">2024<\/a><\/p>\n\n\n\n<p><a href=\"https:\/\/montflours.fr\/?page_id=395\">2023<\/a><\/p>\n\n\n\n<h2 class=\"wp-block-heading\">Liste des d\u00e9lib\u00e9rations<\/h2>\n\n\n\n<p>2022<\/p>\n\n\n\n<h2 class=\"wp-block-heading\">D\u00e9cisions du maire<\/h2>\n\n\n\n<p>2022<\/p>\n\n\n\n<figure class=\"wp-block-image size-large is-resized\"><img loading=\"lazy\" decoding=\"async\" width=\"1024\" height=\"682\" src=\"https:\/\/montflours.fr\/wp-content\/uploads\/2024\/04\/microphone-704255_1280-1024x682.jpg\" alt=\"D\u00e9cisions du conseil municipal\" class=\"wp-image-438\" style=\"width:704px;height:auto\" srcset=\"https:\/\/montflours.fr\/wp-content\/uploads\/2024\/04\/microphone-704255_1280-1024x682.jpg 1024w, https:\/\/montflours.fr\/wp-content\/uploads\/2024\/04\/microphone-704255_1280-300x200.jpg 300w, https:\/\/montflours.fr\/wp-content\/uploads\/2024\/04\/microphone-704255_1280-768x512.jpg 768w, https:\/\/montflours.fr\/wp-content\/uploads\/2024\/04\/microphone-704255_1280-1000x666.jpg 1000w, https:\/\/montflours.fr\/wp-content\/uploads\/2024\/04\/microphone-704255_1280-230x153.jpg 230w, https:\/\/montflours.fr\/wp-content\/uploads\/2024\/04\/microphone-704255_1280-350x233.jpg 350w, https:\/\/montflours.fr\/wp-content\/uploads\/2024\/04\/microphone-704255_1280-480x320.jpg 480w, https:\/\/montflours.fr\/wp-content\/uploads\/2024\/04\/microphone-704255_1280.jpg 1280w\" sizes=\"auto, (max-width: 1024px) 100vw, 1024px\" \/><\/figure>\n","protected":false},"excerpt":{"rendered":"<p>PV du conseil municipal 2026 2025 2024 2023 Liste des d\u00e9lib\u00e9rations 2022 D\u00e9cisions du maire 2022<\/p>\n","protected":false},"author":1,"featured_media":0,"parent":0,"menu_order":0,"comment_status":"closed","ping_status":"closed","template":"","meta":{"footnotes":""},"class_list":["post-393","page","type-page","status-publish","hentry"],"yoast_head":"<!-- This site is optimized with the Yoast SEO plugin v22.4 - https:\/\/yoast.com\/wordpress\/plugins\/seo\/ -->\n<title>D\u00e9cisions du conseil municipal - Commune de Montflours<\/title>\n<meta name=\"description\" content=\"PV d\u00e9lib\u00e9rations d\u00e9cisions du conseil municipal. Retrouvez les PV, les d\u00e9lib\u00e9rations et les d\u00e9cisions du conseil municipal par ann\u00e9e.\" \/>\n<meta name=\"robots\" content=\"index, follow, max-snippet:-1, max-image-preview:large, max-video-preview:-1\" \/>\n<link rel=\"canonical\" href=\"https:\/\/montflours.fr\/?page_id=393\" \/>\n<meta property=\"og:locale\" content=\"fr_FR\" \/>\n<meta property=\"og:type\" content=\"article\" \/>\n<meta property=\"og:title\" content=\"D\u00e9cisions du conseil municipal - Commune de Montflours\" \/>\n<meta property=\"og:description\" content=\"PV d\u00e9lib\u00e9rations d\u00e9cisions du conseil municipal. Retrouvez les PV, les d\u00e9lib\u00e9rations et les d\u00e9cisions du conseil municipal par ann\u00e9e.\" \/>\n<meta property=\"og:url\" content=\"https:\/\/montflours.fr\/?page_id=393\" \/>\n<meta property=\"og:site_name\" content=\"Commune de Montflours\" \/>\n<meta property=\"article:modified_time\" content=\"2026-01-27T11:13:35+00:00\" \/>\n<meta property=\"og:image\" content=\"https:\/\/montflours.fr\/wp-content\/uploads\/2024\/04\/microphone-704255_1280-1024x682.jpg\" \/>\n<meta name=\"twitter:card\" content=\"summary_large_image\" \/>\n<meta name=\"twitter:label1\" content=\"Dur\u00e9e de lecture estim\u00e9e\" \/>\n\t<meta name=\"twitter:data1\" content=\"1 minute\" \/>\n<script type=\"application\/ld+json\" class=\"yoast-schema-graph\">{\"@context\":\"https:\/\/schema.org\",\"@graph\":[{\"@type\":\"WebPage\",\"@id\":\"https:\/\/montflours.fr\/?page_id=393\",\"url\":\"https:\/\/montflours.fr\/?page_id=393\",\"name\":\"D\u00e9cisions du conseil municipal - Commune de Montflours\",\"isPartOf\":{\"@id\":\"https:\/\/montflours.fr\/#website\"},\"primaryImageOfPage\":{\"@id\":\"https:\/\/montflours.fr\/?page_id=393#primaryimage\"},\"image\":{\"@id\":\"https:\/\/montflours.fr\/?page_id=393#primaryimage\"},\"thumbnailUrl\":\"https:\/\/montflours.fr\/wp-content\/uploads\/2024\/04\/microphone-704255_1280-1024x682.jpg\",\"datePublished\":\"2023-12-19T14:59:19+00:00\",\"dateModified\":\"2026-01-27T11:13:35+00:00\",\"description\":\"PV d\u00e9lib\u00e9rations d\u00e9cisions du conseil municipal. Retrouvez les PV, les d\u00e9lib\u00e9rations et les d\u00e9cisions du conseil municipal par ann\u00e9e.\",\"breadcrumb\":{\"@id\":\"https:\/\/montflours.fr\/?page_id=393#breadcrumb\"},\"inLanguage\":\"fr-FR\",\"potentialAction\":[{\"@type\":\"ReadAction\",\"target\":[\"https:\/\/montflours.fr\/?page_id=393\"]}]},{\"@type\":\"ImageObject\",\"inLanguage\":\"fr-FR\",\"@id\":\"https:\/\/montflours.fr\/?page_id=393#primaryimage\",\"url\":\"https:\/\/montflours.fr\/wp-content\/uploads\/2024\/04\/microphone-704255_1280.jpg\",\"contentUrl\":\"https:\/\/montflours.fr\/wp-content\/uploads\/2024\/04\/microphone-704255_1280.jpg\",\"width\":1280,\"height\":853},{\"@type\":\"BreadcrumbList\",\"@id\":\"https:\/\/montflours.fr\/?page_id=393#breadcrumb\",\"itemListElement\":[{\"@type\":\"ListItem\",\"position\":1,\"name\":\"Accueil\",\"item\":\"https:\/\/montflours.fr\/\"},{\"@type\":\"ListItem\",\"position\":2,\"name\":\"D\u00e9cisions du conseil municipal\"}]},{\"@type\":\"WebSite\",\"@id\":\"https:\/\/montflours.fr\/#website\",\"url\":\"https:\/\/montflours.fr\/\",\"name\":\"Commune de Montflours\",\"description\":\"\",\"publisher\":{\"@id\":\"https:\/\/montflours.fr\/#organization\"},\"potentialAction\":[{\"@type\":\"SearchAction\",\"target\":{\"@type\":\"EntryPoint\",\"urlTemplate\":\"https:\/\/montflours.fr\/?s={search_term_string}\"},\"query-input\":\"required name=search_term_string\"}],\"inLanguage\":\"fr-FR\"},{\"@type\":\"Organization\",\"@id\":\"https:\/\/montflours.fr\/#organization\",\"name\":\"Commune de Montflours\",\"url\":\"https:\/\/montflours.fr\/\",\"logo\":{\"@type\":\"ImageObject\",\"inLanguage\":\"fr-FR\",\"@id\":\"https:\/\/montflours.fr\/#\/schema\/logo\/image\/\",\"url\":\"https:\/\/montflours.fr\/wp-content\/uploads\/2023\/02\/cropped-Logo-armoiries-montflours.png\",\"contentUrl\":\"https:\/\/montflours.fr\/wp-content\/uploads\/2023\/02\/cropped-Logo-armoiries-montflours.png\",\"width\":576,\"height\":611,\"caption\":\"Commune de Montflours\"},\"image\":{\"@id\":\"https:\/\/montflours.fr\/#\/schema\/logo\/image\/\"}}]}<\/script>\n<!-- \/ Yoast SEO plugin. -->","yoast_head_json":{"title":"D\u00e9cisions du conseil municipal - Commune de Montflours","description":"PV d\u00e9lib\u00e9rations d\u00e9cisions du conseil municipal. Retrouvez les PV, les d\u00e9lib\u00e9rations et les d\u00e9cisions du conseil municipal par ann\u00e9e.","robots":{"index":"index","follow":"follow","max-snippet":"max-snippet:-1","max-image-preview":"max-image-preview:large","max-video-preview":"max-video-preview:-1"},"canonical":"https:\/\/montflours.fr\/?page_id=393","og_locale":"fr_FR","og_type":"article","og_title":"D\u00e9cisions du conseil municipal - Commune de Montflours","og_description":"PV d\u00e9lib\u00e9rations d\u00e9cisions du conseil municipal. Retrouvez les PV, les d\u00e9lib\u00e9rations et les d\u00e9cisions du conseil municipal par ann\u00e9e.","og_url":"https:\/\/montflours.fr\/?page_id=393","og_site_name":"Commune de Montflours","article_modified_time":"2026-01-27T11:13:35+00:00","og_image":[{"url":"https:\/\/montflours.fr\/wp-content\/uploads\/2024\/04\/microphone-704255_1280-1024x682.jpg"}],"twitter_card":"summary_large_image","twitter_misc":{"Dur\u00e9e de lecture estim\u00e9e":"1 minute"},"schema":{"@context":"https:\/\/schema.org","@graph":[{"@type":"WebPage","@id":"https:\/\/montflours.fr\/?page_id=393","url":"https:\/\/montflours.fr\/?page_id=393","name":"D\u00e9cisions du conseil municipal - Commune de Montflours","isPartOf":{"@id":"https:\/\/montflours.fr\/#website"},"primaryImageOfPage":{"@id":"https:\/\/montflours.fr\/?page_id=393#primaryimage"},"image":{"@id":"https:\/\/montflours.fr\/?page_id=393#primaryimage"},"thumbnailUrl":"https:\/\/montflours.fr\/wp-content\/uploads\/2024\/04\/microphone-704255_1280-1024x682.jpg","datePublished":"2023-12-19T14:59:19+00:00","dateModified":"2026-01-27T11:13:35+00:00","description":"PV d\u00e9lib\u00e9rations d\u00e9cisions du conseil municipal. Retrouvez les PV, les d\u00e9lib\u00e9rations et les d\u00e9cisions du conseil municipal par ann\u00e9e.","breadcrumb":{"@id":"https:\/\/montflours.fr\/?page_id=393#breadcrumb"},"inLanguage":"fr-FR","potentialAction":[{"@type":"ReadAction","target":["https:\/\/montflours.fr\/?page_id=393"]}]},{"@type":"ImageObject","inLanguage":"fr-FR","@id":"https:\/\/montflours.fr\/?page_id=393#primaryimage","url":"https:\/\/montflours.fr\/wp-content\/uploads\/2024\/04\/microphone-704255_1280.jpg","contentUrl":"https:\/\/montflours.fr\/wp-content\/uploads\/2024\/04\/microphone-704255_1280.jpg","width":1280,"height":853},{"@type":"BreadcrumbList","@id":"https:\/\/montflours.fr\/?page_id=393#breadcrumb","itemListElement":[{"@type":"ListItem","position":1,"name":"Accueil","item":"https:\/\/montflours.fr\/"},{"@type":"ListItem","position":2,"name":"D\u00e9cisions du conseil municipal"}]},{"@type":"WebSite","@id":"https:\/\/montflours.fr\/#website","url":"https:\/\/montflours.fr\/","name":"Commune de Montflours","description":"","publisher":{"@id":"https:\/\/montflours.fr\/#organization"},"potentialAction":[{"@type":"SearchAction","target":{"@type":"EntryPoint","urlTemplate":"https:\/\/montflours.fr\/?s={search_term_string}"},"query-input":"required name=search_term_string"}],"inLanguage":"fr-FR"},{"@type":"Organization","@id":"https:\/\/montflours.fr\/#organization","name":"Commune de Montflours","url":"https:\/\/montflours.fr\/","logo":{"@type":"ImageObject","inLanguage":"fr-FR","@id":"https:\/\/montflours.fr\/#\/schema\/logo\/image\/","url":"https:\/\/montflours.fr\/wp-content\/uploads\/2023\/02\/cropped-Logo-armoiries-montflours.png","contentUrl":"https:\/\/montflours.fr\/wp-content\/uploads\/2023\/02\/cropped-Logo-armoiries-montflours.png","width":576,"height":611,"caption":"Commune de Montflours"},"image":{"@id":"https:\/\/montflours.fr\/#\/schema\/logo\/image\/"}}]}},"_links":{"self":[{"href":"https:\/\/montflours.fr\/index.php?rest_route=\/wp\/v2\/pages\/393","targetHints":{"allow":["GET"]}}],"collection":[{"href":"https:\/\/montflours.fr\/index.php?rest_route=\/wp\/v2\/pages"}],"about":[{"href":"https:\/\/montflours.fr\/index.php?rest_route=\/wp\/v2\/types\/page"}],"author":[{"embeddable":true,"href":"https:\/\/montflours.fr\/index.php?rest_route=\/wp\/v2\/users\/1"}],"replies":[{"embeddable":true,"href":"https:\/\/montflours.fr\/index.php?rest_route=%2Fwp%2Fv2%2Fcomments&post=393"}],"version-history":[{"count":17,"href":"https:\/\/montflours.fr\/index.php?rest_route=\/wp\/v2\/pages\/393\/revisions"}],"predecessor-version":[{"id":718,"href":"https:\/\/montflours.fr\/index.php?rest_route=\/wp\/v2\/pages\/393\/revisions\/718"}],"wp:attachment":[{"href":"https:\/\/montflours.fr\/index.php?rest_route=%2Fwp%2Fv2%2Fmedia&parent=393"}],"curies":[{"name":"wp","href":"https:\/\/api.w.org\/{rel}","templated":true}]}}