{"id":308,"date":"2023-12-18T15:51:11","date_gmt":"2023-12-18T14:51:11","guid":{"rendered":"https:\/\/montflours.fr\/?page_id=308"},"modified":"2026-03-05T09:37:28","modified_gmt":"2026-03-05T08:37:28","slug":"collecte-des-dechets","status":"publish","type":"page","link":"https:\/\/montflours.fr\/?page_id=308","title":{"rendered":"Collecte des d\u00e9chets de la commune de Montflours"},"content":{"rendered":"\n<p>La commune de Montflours d\u00e9pend de Laval agglom\u00e9ration pour la collecte des d\u00e9chets.<\/p>\n\n\n\n<p>Plusieurs services sont \u00e0 la disposition des habitants : la collecte des ordures m\u00e9nag\u00e8res, la collecte des d\u00e9chets tri\u00e9s, la collecte des d\u00e9chets verts (saisonnier) et les diverses d\u00e9chetteries \u00e0 disposition.<\/p>\n\n\n\n<p>Vous pouvez retrouvez l&rsquo;ensemble de ces services d\u00e9taill\u00e9s sur le site de <a href=\"https:\/\/www.agglo-laval.fr\/utile-au-quotidien\/dechets\/la-collecte-des-dechets\">Laval agglom\u00e9ration<\/a>.<\/p>\n\n\n\n<hr class=\"wp-block-separator has-alpha-channel-opacity\"\/>\n\n\n\n<p><strong>Retrouvez le calendrier de collecte 2025 en cliquant sur les images ci-dessous :<\/strong><\/p>\n\n\n\n<div class=\"wp-block-columns is-layout-flex wp-container-core-columns-is-layout-9d6595d7 wp-block-columns-is-layout-flex\">\n<div class=\"wp-block-column is-layout-flow wp-block-column-is-layout-flow\">\n<figure class=\"wp-block-gallery has-nested-images columns-default is-cropped wp-block-gallery-1 is-layout-flex wp-block-gallery-is-layout-flex\">\n<figure class=\"wp-block-image size-large\"><img loading=\"lazy\" decoding=\"async\" width=\"1024\" height=\"724\" data-id=\"709\" src=\"http:\/\/montflours.fr\/wp-content\/uploads\/2026\/01\/Calendrier-collecte-2026-1-1024x724.png\" alt=\"\" class=\"wp-image-709\" srcset=\"https:\/\/montflours.fr\/wp-content\/uploads\/2026\/01\/Calendrier-collecte-2026-1-1024x724.png 1024w, https:\/\/montflours.fr\/wp-content\/uploads\/2026\/01\/Calendrier-collecte-2026-1-300x212.png 300w, https:\/\/montflours.fr\/wp-content\/uploads\/2026\/01\/Calendrier-collecte-2026-1-768x543.png 768w, https:\/\/montflours.fr\/wp-content\/uploads\/2026\/01\/Calendrier-collecte-2026-1-1000x707.png 1000w, https:\/\/montflours.fr\/wp-content\/uploads\/2026\/01\/Calendrier-collecte-2026-1-230x163.png 230w, https:\/\/montflours.fr\/wp-content\/uploads\/2026\/01\/Calendrier-collecte-2026-1-350x248.png 350w, https:\/\/montflours.fr\/wp-content\/uploads\/2026\/01\/Calendrier-collecte-2026-1-480x340.png 480w, https:\/\/montflours.fr\/wp-content\/uploads\/2026\/01\/Calendrier-collecte-2026-1.png 1196w\" sizes=\"auto, (max-width: 1024px) 100vw, 1024px\" \/><\/figure>\n<\/figure>\n<\/div>\n\n\n\n<div class=\"wp-block-column is-layout-flow wp-block-column-is-layout-flow\">\n<figure data-wp-context=\"{&quot;imageId&quot;:&quot;69e738cc4717d&quot;}\" data-wp-interactive=\"core\/image\" data-wp-key=\"69e738cc4717d\" class=\"wp-block-image size-large wp-lightbox-container\"><img loading=\"lazy\" decoding=\"async\" width=\"1024\" height=\"722\" data-wp-class--hide=\"state.isContentHidden\" data-wp-class--show=\"state.isContentVisible\" data-wp-init=\"callbacks.setButtonStyles\" data-wp-on--click=\"actions.showLightbox\" data-wp-on--load=\"callbacks.setButtonStyles\" data-wp-on-window--resize=\"callbacks.setButtonStyles\" src=\"http:\/\/montflours.fr\/wp-content\/uploads\/2026\/01\/Calendrier-collecte-2026-2-1024x722.png\" alt=\"\" class=\"wp-image-708\" srcset=\"https:\/\/montflours.fr\/wp-content\/uploads\/2026\/01\/Calendrier-collecte-2026-2-1024x722.png 1024w, https:\/\/montflours.fr\/wp-content\/uploads\/2026\/01\/Calendrier-collecte-2026-2-300x212.png 300w, https:\/\/montflours.fr\/wp-content\/uploads\/2026\/01\/Calendrier-collecte-2026-2-768x542.png 768w, https:\/\/montflours.fr\/wp-content\/uploads\/2026\/01\/Calendrier-collecte-2026-2-1000x705.png 1000w, https:\/\/montflours.fr\/wp-content\/uploads\/2026\/01\/Calendrier-collecte-2026-2-230x162.png 230w, https:\/\/montflours.fr\/wp-content\/uploads\/2026\/01\/Calendrier-collecte-2026-2-350x247.png 350w, https:\/\/montflours.fr\/wp-content\/uploads\/2026\/01\/Calendrier-collecte-2026-2-480x338.png 480w, https:\/\/montflours.fr\/wp-content\/uploads\/2026\/01\/Calendrier-collecte-2026-2.png 1197w\" sizes=\"auto, (max-width: 1024px) 100vw, 1024px\" \/><button\n\t\t\tclass=\"lightbox-trigger\"\n\t\t\ttype=\"button\"\n\t\t\taria-haspopup=\"dialog\"\n\t\t\taria-label=\"Agrandir\"\n\t\t\tdata-wp-init=\"callbacks.initTriggerButton\"\n\t\t\tdata-wp-on--click=\"actions.showLightbox\"\n\t\t\tdata-wp-style--right=\"state.imageButtonRight\"\n\t\t\tdata-wp-style--top=\"state.imageButtonTop\"\n\t\t>\n\t\t\t<svg xmlns=\"http:\/\/www.w3.org\/2000\/svg\" width=\"12\" height=\"12\" fill=\"none\" viewBox=\"0 0 12 12\">\n\t\t\t\t<path fill=\"#fff\" d=\"M2 0a2 2 0 0 0-2 2v2h1.5V2a.5.5 0 0 1 .5-.5h2V0H2Zm2 10.5H2a.5.5 0 0 1-.5-.5V8H0v2a2 2 0 0 0 2 2h2v-1.5ZM8 12v-1.5h2a.5.5 0 0 0 .5-.5V8H12v2a2 2 0 0 1-2 2H8Zm2-12a2 2 0 0 1 2 2v2h-1.5V2a.5.5 0 0 0-.5-.5H8V0h2Z\" \/>\n\t\t\t<\/svg>\n\t\t<\/button><\/figure>\n<\/div>\n<\/div>\n\n\n\n<hr class=\"wp-block-separator has-alpha-channel-opacity\"\/>\n\n\n\n<div class=\"wp-block-columns is-layout-flex wp-container-core-columns-is-layout-9d6595d7 wp-block-columns-is-layout-flex\">\n<div class=\"wp-block-column is-layout-flow wp-block-column-is-layout-flow\" style=\"flex-basis:33.33%\">\n<p><strong>Voici les dates de collecte pour les d\u00e9chets verts :<\/strong><\/p>\n\n\n\n<figure class=\"wp-block-image size-large\"><img loading=\"lazy\" decoding=\"async\" width=\"1024\" height=\"768\" src=\"https:\/\/montflours.fr\/wp-content\/uploads\/2024\/04\/green-waste-486011_1280-1-1024x768.jpg\" alt=\"\" class=\"wp-image-472\" srcset=\"https:\/\/montflours.fr\/wp-content\/uploads\/2024\/04\/green-waste-486011_1280-1-1024x768.jpg 1024w, https:\/\/montflours.fr\/wp-content\/uploads\/2024\/04\/green-waste-486011_1280-1-300x225.jpg 300w, https:\/\/montflours.fr\/wp-content\/uploads\/2024\/04\/green-waste-486011_1280-1-768x576.jpg 768w, https:\/\/montflours.fr\/wp-content\/uploads\/2024\/04\/green-waste-486011_1280-1-1000x750.jpg 1000w, https:\/\/montflours.fr\/wp-content\/uploads\/2024\/04\/green-waste-486011_1280-1-230x173.jpg 230w, https:\/\/montflours.fr\/wp-content\/uploads\/2024\/04\/green-waste-486011_1280-1-350x263.jpg 350w, https:\/\/montflours.fr\/wp-content\/uploads\/2024\/04\/green-waste-486011_1280-1-480x360.jpg 480w, https:\/\/montflours.fr\/wp-content\/uploads\/2024\/04\/green-waste-486011_1280-1.jpg 1280w\" sizes=\"auto, (max-width: 1024px) 100vw, 1024px\" \/><\/figure>\n\n\n\n<p>La benne est disponible les weekends indiqu\u00e9s ci-apr\u00e8s. La benne est situ\u00e9e sur le parking du cimeti\u00e8re de la commune. Merci de d\u00e9poser vos d\u00e9chets dans la benne et non \u00e0 c\u00f4t\u00e9. Acc\u00e8s du samedi matin au lundi matin. Mise en place des bennes le vendredi apr\u00e8s-midi et reprise le mardi matin.<\/p>\n<\/div>\n\n\n\n<div class=\"wp-block-column is-layout-flow wp-block-column-is-layout-flow\" style=\"flex-basis:66.66%\">\n<p><strong>Du 27 mars au 27 octobre 2026<\/strong><\/p>\n\n\n\n<p>27 mars<\/p>\n\n\n\n<p>10, 24 avril<\/p>\n\n\n\n<p>7, 22 mai<\/p>\n\n\n\n<p>5, 19 juin<\/p>\n\n\n\n<p>3, 17 et 31 juillet<\/p>\n\n\n\n<p>14, 28 aout<\/p>\n\n\n\n<p>11, 25 septembre<\/p>\n\n\n\n<p>9, 23 octobre<\/p>\n<\/div>\n<\/div>\n\n\n\n<hr class=\"wp-block-separator has-alpha-channel-opacity\"\/>\n\n\n\n<div class=\"wp-block-media-text has-media-on-the-right is-stacked-on-mobile\"><div class=\"wp-block-media-text__content\">\n<p>Retrouvez ici la liste des d\u00e9chetteries de Laval agglom\u00e9ration.<\/p>\n\n\n\n<p><\/p>\n\n\n\n<p>Vous pouvez consulter le m\u00e9mo de d\u00e9chetterie pour connaitre la m\u00e9thode de tri en cliquant <a href=\"http:\/\/montflours.fr\/wp-content\/uploads\/2024\/04\/MEMO_DECHETRI_2019_-_JUILLET_1_-2_01.pdf\">ici<\/a>.<\/p>\n<\/div><figure class=\"wp-block-media-text__media\"><a href=\"https:\/\/montflours.fr\/wp-content\/uploads\/2024\/04\/Liste-des-dechetteries-Laval-agglomeration.png\"><img loading=\"lazy\" decoding=\"async\" width=\"726\" height=\"702\" src=\"https:\/\/montflours.fr\/wp-content\/uploads\/2024\/04\/Liste-des-dechetteries-Laval-agglomeration.png\" alt=\"Liste des d\u00e9chetteries de Laval Agglom\u00e9ration\" class=\"wp-image-463 size-full\" srcset=\"https:\/\/montflours.fr\/wp-content\/uploads\/2024\/04\/Liste-des-dechetteries-Laval-agglomeration.png 726w, https:\/\/montflours.fr\/wp-content\/uploads\/2024\/04\/Liste-des-dechetteries-Laval-agglomeration-300x290.png 300w, https:\/\/montflours.fr\/wp-content\/uploads\/2024\/04\/Liste-des-dechetteries-Laval-agglomeration-230x222.png 230w, https:\/\/montflours.fr\/wp-content\/uploads\/2024\/04\/Liste-des-dechetteries-Laval-agglomeration-350x338.png 350w, https:\/\/montflours.fr\/wp-content\/uploads\/2024\/04\/Liste-des-dechetteries-Laval-agglomeration-480x464.png 480w\" sizes=\"auto, (max-width: 726px) 100vw, 726px\" \/><\/a><\/figure><\/div>\n\n\n\n<hr class=\"wp-block-separator has-alpha-channel-opacity\"\/>\n\n\n\n<h2 class=\"wp-block-heading\">Et le compostage dans la collecte des d\u00e9chets alors ?<\/h2>\n\n\n\n<figure class=\"wp-block-image size-large\"><img loading=\"lazy\" decoding=\"async\" width=\"1024\" height=\"682\" src=\"https:\/\/montflours.fr\/wp-content\/uploads\/2024\/04\/fruit-3928500_1280-1024x682.jpg\" alt=\"\" class=\"wp-image-468\" srcset=\"https:\/\/montflours.fr\/wp-content\/uploads\/2024\/04\/fruit-3928500_1280-1024x682.jpg 1024w, https:\/\/montflours.fr\/wp-content\/uploads\/2024\/04\/fruit-3928500_1280-300x200.jpg 300w, https:\/\/montflours.fr\/wp-content\/uploads\/2024\/04\/fruit-3928500_1280-768x511.jpg 768w, https:\/\/montflours.fr\/wp-content\/uploads\/2024\/04\/fruit-3928500_1280-1000x666.jpg 1000w, https:\/\/montflours.fr\/wp-content\/uploads\/2024\/04\/fruit-3928500_1280-230x153.jpg 230w, https:\/\/montflours.fr\/wp-content\/uploads\/2024\/04\/fruit-3928500_1280-350x233.jpg 350w, https:\/\/montflours.fr\/wp-content\/uploads\/2024\/04\/fruit-3928500_1280-480x320.jpg 480w, https:\/\/montflours.fr\/wp-content\/uploads\/2024\/04\/fruit-3928500_1280.jpg 1280w\" sizes=\"auto, (max-width: 1024px) 100vw, 1024px\" \/><\/figure>\n\n\n\n<p>Vous pouvez toujours aupr\u00e8s de Laval agglom\u00e9ration faire un demande de composteur ou de lombricomposteur.<\/p>\n\n\n\n<p>Une formation est dispens\u00e9e pour expliquer les modalit\u00e9s du compostage et le composteur ou lombricomposteur vous est d\u00e9livr\u00e9e \u00e0 l&rsquo;issue de celle-ci.<\/p>\n\n\n\n<p>Retrouvez toutes les informations utiles au compostage sur la site de <a href=\"https:\/\/www.agglo-laval.fr\/compostage\">Laval agglom\u00e9ration<\/a>.<\/p>\n\n\n\n<p>Prochainement un composteur collectif sera install\u00e9 sur la commune.<\/p>\n\n\n\n<p><\/p>\n","protected":false},"excerpt":{"rendered":"<p>La commune de Montflours d\u00e9pend de Laval agglom\u00e9ration pour la collecte des d\u00e9chets. Plusieurs services sont \u00e0 la disposition des habitants : [&hellip;]<\/p>\n","protected":false},"author":1,"featured_media":0,"parent":0,"menu_order":0,"comment_status":"closed","ping_status":"closed","template":"","meta":{"footnotes":""},"class_list":["post-308","page","type-page","status-publish","hentry"],"yoast_head":"<!-- This site is optimized with the Yoast SEO plugin v22.4 - https:\/\/yoast.com\/wordpress\/plugins\/seo\/ -->\n<title>Collecte des d\u00e9chets de la commune de Montflours - Commune de Montflours<\/title>\n<meta name=\"description\" content=\"Collecte des d\u00e9chets de la commune de Montflours. La commune de Montflours d\u00e9pend de Laval agglom\u00e9ration pour la collecte des d\u00e9chets.\" \/>\n<meta name=\"robots\" content=\"index, follow, max-snippet:-1, max-image-preview:large, max-video-preview:-1\" \/>\n<link rel=\"canonical\" href=\"https:\/\/montflours.fr\/?page_id=308\" \/>\n<meta property=\"og:locale\" content=\"fr_FR\" \/>\n<meta property=\"og:type\" content=\"article\" \/>\n<meta property=\"og:title\" content=\"Collecte des d\u00e9chets de la commune de Montflours - Commune de Montflours\" \/>\n<meta property=\"og:description\" content=\"Collecte des d\u00e9chets de la commune de Montflours. La commune de Montflours d\u00e9pend de Laval agglom\u00e9ration pour la collecte des d\u00e9chets.\" \/>\n<meta property=\"og:url\" content=\"https:\/\/montflours.fr\/?page_id=308\" \/>\n<meta property=\"og:site_name\" content=\"Commune de Montflours\" \/>\n<meta property=\"article:modified_time\" content=\"2026-03-05T08:37:28+00:00\" \/>\n<meta property=\"og:image\" content=\"http:\/\/montflours.fr\/wp-content\/uploads\/2026\/01\/Calendrier-collecte-2026-1-1024x724.png\" \/>\n<meta name=\"twitter:card\" content=\"summary_large_image\" \/>\n<meta name=\"twitter:label1\" content=\"Dur\u00e9e de lecture estim\u00e9e\" \/>\n\t<meta name=\"twitter:data1\" content=\"3 minutes\" \/>\n<script type=\"application\/ld+json\" class=\"yoast-schema-graph\">{\"@context\":\"https:\/\/schema.org\",\"@graph\":[{\"@type\":\"WebPage\",\"@id\":\"https:\/\/montflours.fr\/?page_id=308\",\"url\":\"https:\/\/montflours.fr\/?page_id=308\",\"name\":\"Collecte des d\u00e9chets de la commune de Montflours - Commune de Montflours\",\"isPartOf\":{\"@id\":\"https:\/\/montflours.fr\/#website\"},\"primaryImageOfPage\":{\"@id\":\"https:\/\/montflours.fr\/?page_id=308#primaryimage\"},\"image\":{\"@id\":\"https:\/\/montflours.fr\/?page_id=308#primaryimage\"},\"thumbnailUrl\":\"http:\/\/montflours.fr\/wp-content\/uploads\/2026\/01\/Calendrier-collecte-2026-1-1024x724.png\",\"datePublished\":\"2023-12-18T14:51:11+00:00\",\"dateModified\":\"2026-03-05T08:37:28+00:00\",\"description\":\"Collecte des d\u00e9chets de la commune de Montflours. La commune de Montflours d\u00e9pend de Laval agglom\u00e9ration pour la collecte des d\u00e9chets.\",\"breadcrumb\":{\"@id\":\"https:\/\/montflours.fr\/?page_id=308#breadcrumb\"},\"inLanguage\":\"fr-FR\",\"potentialAction\":[{\"@type\":\"ReadAction\",\"target\":[\"https:\/\/montflours.fr\/?page_id=308\"]}]},{\"@type\":\"ImageObject\",\"inLanguage\":\"fr-FR\",\"@id\":\"https:\/\/montflours.fr\/?page_id=308#primaryimage\",\"url\":\"https:\/\/montflours.fr\/wp-content\/uploads\/2026\/01\/Calendrier-collecte-2026-1.png\",\"contentUrl\":\"https:\/\/montflours.fr\/wp-content\/uploads\/2026\/01\/Calendrier-collecte-2026-1.png\",\"width\":1196,\"height\":846},{\"@type\":\"BreadcrumbList\",\"@id\":\"https:\/\/montflours.fr\/?page_id=308#breadcrumb\",\"itemListElement\":[{\"@type\":\"ListItem\",\"position\":1,\"name\":\"Accueil\",\"item\":\"https:\/\/montflours.fr\/\"},{\"@type\":\"ListItem\",\"position\":2,\"name\":\"Collecte des d\u00e9chets de la commune de Montflours\"}]},{\"@type\":\"WebSite\",\"@id\":\"https:\/\/montflours.fr\/#website\",\"url\":\"https:\/\/montflours.fr\/\",\"name\":\"Commune de Montflours\",\"description\":\"\",\"publisher\":{\"@id\":\"https:\/\/montflours.fr\/#organization\"},\"potentialAction\":[{\"@type\":\"SearchAction\",\"target\":{\"@type\":\"EntryPoint\",\"urlTemplate\":\"https:\/\/montflours.fr\/?s={search_term_string}\"},\"query-input\":\"required name=search_term_string\"}],\"inLanguage\":\"fr-FR\"},{\"@type\":\"Organization\",\"@id\":\"https:\/\/montflours.fr\/#organization\",\"name\":\"Commune de Montflours\",\"url\":\"https:\/\/montflours.fr\/\",\"logo\":{\"@type\":\"ImageObject\",\"inLanguage\":\"fr-FR\",\"@id\":\"https:\/\/montflours.fr\/#\/schema\/logo\/image\/\",\"url\":\"https:\/\/montflours.fr\/wp-content\/uploads\/2023\/02\/cropped-Logo-armoiries-montflours.png\",\"contentUrl\":\"https:\/\/montflours.fr\/wp-content\/uploads\/2023\/02\/cropped-Logo-armoiries-montflours.png\",\"width\":576,\"height\":611,\"caption\":\"Commune de Montflours\"},\"image\":{\"@id\":\"https:\/\/montflours.fr\/#\/schema\/logo\/image\/\"}}]}<\/script>\n<!-- \/ Yoast SEO plugin. -->","yoast_head_json":{"title":"Collecte des d\u00e9chets de la commune de Montflours - Commune de Montflours","description":"Collecte des d\u00e9chets de la commune de Montflours. La commune de Montflours d\u00e9pend de Laval agglom\u00e9ration pour la collecte des d\u00e9chets.","robots":{"index":"index","follow":"follow","max-snippet":"max-snippet:-1","max-image-preview":"max-image-preview:large","max-video-preview":"max-video-preview:-1"},"canonical":"https:\/\/montflours.fr\/?page_id=308","og_locale":"fr_FR","og_type":"article","og_title":"Collecte des d\u00e9chets de la commune de Montflours - Commune de Montflours","og_description":"Collecte des d\u00e9chets de la commune de Montflours. La commune de Montflours d\u00e9pend de Laval agglom\u00e9ration pour la collecte des d\u00e9chets.","og_url":"https:\/\/montflours.fr\/?page_id=308","og_site_name":"Commune de Montflours","article_modified_time":"2026-03-05T08:37:28+00:00","og_image":[{"url":"http:\/\/montflours.fr\/wp-content\/uploads\/2026\/01\/Calendrier-collecte-2026-1-1024x724.png"}],"twitter_card":"summary_large_image","twitter_misc":{"Dur\u00e9e de lecture estim\u00e9e":"3 minutes"},"schema":{"@context":"https:\/\/schema.org","@graph":[{"@type":"WebPage","@id":"https:\/\/montflours.fr\/?page_id=308","url":"https:\/\/montflours.fr\/?page_id=308","name":"Collecte des d\u00e9chets de la commune de Montflours - Commune de Montflours","isPartOf":{"@id":"https:\/\/montflours.fr\/#website"},"primaryImageOfPage":{"@id":"https:\/\/montflours.fr\/?page_id=308#primaryimage"},"image":{"@id":"https:\/\/montflours.fr\/?page_id=308#primaryimage"},"thumbnailUrl":"http:\/\/montflours.fr\/wp-content\/uploads\/2026\/01\/Calendrier-collecte-2026-1-1024x724.png","datePublished":"2023-12-18T14:51:11+00:00","dateModified":"2026-03-05T08:37:28+00:00","description":"Collecte des d\u00e9chets de la commune de Montflours. La commune de Montflours d\u00e9pend de Laval agglom\u00e9ration pour la collecte des d\u00e9chets.","breadcrumb":{"@id":"https:\/\/montflours.fr\/?page_id=308#breadcrumb"},"inLanguage":"fr-FR","potentialAction":[{"@type":"ReadAction","target":["https:\/\/montflours.fr\/?page_id=308"]}]},{"@type":"ImageObject","inLanguage":"fr-FR","@id":"https:\/\/montflours.fr\/?page_id=308#primaryimage","url":"https:\/\/montflours.fr\/wp-content\/uploads\/2026\/01\/Calendrier-collecte-2026-1.png","contentUrl":"https:\/\/montflours.fr\/wp-content\/uploads\/2026\/01\/Calendrier-collecte-2026-1.png","width":1196,"height":846},{"@type":"BreadcrumbList","@id":"https:\/\/montflours.fr\/?page_id=308#breadcrumb","itemListElement":[{"@type":"ListItem","position":1,"name":"Accueil","item":"https:\/\/montflours.fr\/"},{"@type":"ListItem","position":2,"name":"Collecte des d\u00e9chets de la commune de Montflours"}]},{"@type":"WebSite","@id":"https:\/\/montflours.fr\/#website","url":"https:\/\/montflours.fr\/","name":"Commune de Montflours","description":"","publisher":{"@id":"https:\/\/montflours.fr\/#organization"},"potentialAction":[{"@type":"SearchAction","target":{"@type":"EntryPoint","urlTemplate":"https:\/\/montflours.fr\/?s={search_term_string}"},"query-input":"required name=search_term_string"}],"inLanguage":"fr-FR"},{"@type":"Organization","@id":"https:\/\/montflours.fr\/#organization","name":"Commune de Montflours","url":"https:\/\/montflours.fr\/","logo":{"@type":"ImageObject","inLanguage":"fr-FR","@id":"https:\/\/montflours.fr\/#\/schema\/logo\/image\/","url":"https:\/\/montflours.fr\/wp-content\/uploads\/2023\/02\/cropped-Logo-armoiries-montflours.png","contentUrl":"https:\/\/montflours.fr\/wp-content\/uploads\/2023\/02\/cropped-Logo-armoiries-montflours.png","width":576,"height":611,"caption":"Commune de Montflours"},"image":{"@id":"https:\/\/montflours.fr\/#\/schema\/logo\/image\/"}}]}},"_links":{"self":[{"href":"https:\/\/montflours.fr\/index.php?rest_route=\/wp\/v2\/pages\/308","targetHints":{"allow":["GET"]}}],"collection":[{"href":"https:\/\/montflours.fr\/index.php?rest_route=\/wp\/v2\/pages"}],"about":[{"href":"https:\/\/montflours.fr\/index.php?rest_route=\/wp\/v2\/types\/page"}],"author":[{"embeddable":true,"href":"https:\/\/montflours.fr\/index.php?rest_route=\/wp\/v2\/users\/1"}],"replies":[{"embeddable":true,"href":"https:\/\/montflours.fr\/index.php?rest_route=%2Fwp%2Fv2%2Fcomments&post=308"}],"version-history":[{"count":19,"href":"https:\/\/montflours.fr\/index.php?rest_route=\/wp\/v2\/pages\/308\/revisions"}],"predecessor-version":[{"id":726,"href":"https:\/\/montflours.fr\/index.php?rest_route=\/wp\/v2\/pages\/308\/revisions\/726"}],"wp:attachment":[{"href":"https:\/\/montflours.fr\/index.php?rest_route=%2Fwp%2Fv2%2Fmedia&parent=308"}],"curies":[{"name":"wp","href":"https:\/\/api.w.org\/{rel}","templated":true}]}}