{"id":267,"date":"2023-11-02T16:51:34","date_gmt":"2023-11-02T15:51:34","guid":{"rendered":"https:\/\/montflours.fr\/?page_id=267"},"modified":"2024-04-18T11:44:21","modified_gmt":"2024-04-18T09:44:21","slug":"la-commune","status":"publish","type":"page","link":"https:\/\/montflours.fr\/?page_id=267","title":{"rendered":"La commune de Montflours"},"content":{"rendered":"\n<p>Commune de 259 habitants, Montflours fait partie de Laval Agglom\u00e9ration.<\/p>\n\n\n\n<p>La commune est situ\u00e9e \u00e0 moins de 10 minutes des commodit\u00e9s les plus proches \u00e0 Andouill\u00e9 et \u00e0 moins de 20 minutes de Laval et de Mayenne.<\/p>\n\n\n\n<figure class=\"wp-block-image size-large\"><img loading=\"lazy\" decoding=\"async\" width=\"1024\" height=\"725\" src=\"http:\/\/montflours.fr\/wp-content\/uploads\/2023\/04\/cropped-Deco-bloucles-de-la-mayenne-scaled-1-1024x725.jpg\" alt=\"mairie de montflours\" class=\"wp-image-226\" srcset=\"https:\/\/montflours.fr\/wp-content\/uploads\/2023\/04\/cropped-Deco-bloucles-de-la-mayenne-scaled-1-1024x725.jpg 1024w, https:\/\/montflours.fr\/wp-content\/uploads\/2023\/04\/cropped-Deco-bloucles-de-la-mayenne-scaled-1-300x213.jpg 300w, https:\/\/montflours.fr\/wp-content\/uploads\/2023\/04\/cropped-Deco-bloucles-de-la-mayenne-scaled-1-768x544.jpg 768w, https:\/\/montflours.fr\/wp-content\/uploads\/2023\/04\/cropped-Deco-bloucles-de-la-mayenne-scaled-1-1536x1088.jpg 1536w, https:\/\/montflours.fr\/wp-content\/uploads\/2023\/04\/cropped-Deco-bloucles-de-la-mayenne-scaled-1-2048x1451.jpg 2048w, https:\/\/montflours.fr\/wp-content\/uploads\/2023\/04\/cropped-Deco-bloucles-de-la-mayenne-scaled-1-1232x873.jpg 1232w, https:\/\/montflours.fr\/wp-content\/uploads\/2023\/04\/cropped-Deco-bloucles-de-la-mayenne-scaled-1-1524x1080.jpg 1524w\" sizes=\"auto, (max-width: 1024px) 100vw, 1024px\" \/><\/figure>\n","protected":false},"excerpt":{"rendered":"<p>Commune de 259 habitants, Montflours fait partie de Laval Agglom\u00e9ration. La commune est situ\u00e9e \u00e0 moins de 10 minutes des commodit\u00e9s les [&hellip;]<\/p>\n","protected":false},"author":1,"featured_media":0,"parent":0,"menu_order":0,"comment_status":"closed","ping_status":"closed","template":"","meta":{"footnotes":""},"class_list":["post-267","page","type-page","status-publish","hentry"],"yoast_head":"<!-- This site is optimized with the Yoast SEO plugin v22.4 - https:\/\/yoast.com\/wordpress\/plugins\/seo\/ -->\n<title>La commune de Montflours - Commune de Montflours<\/title>\n<meta name=\"robots\" content=\"index, follow, max-snippet:-1, max-image-preview:large, max-video-preview:-1\" \/>\n<link rel=\"canonical\" href=\"https:\/\/montflours.fr\/?page_id=267\" \/>\n<meta property=\"og:locale\" content=\"fr_FR\" \/>\n<meta property=\"og:type\" content=\"article\" \/>\n<meta property=\"og:title\" content=\"La commune de Montflours - Commune de Montflours\" \/>\n<meta property=\"og:description\" content=\"Commune de 259 habitants, Montflours fait partie de Laval Agglom\u00e9ration. La commune est situ\u00e9e \u00e0 moins de 10 minutes des commodit\u00e9s les [&hellip;]\" \/>\n<meta property=\"og:url\" content=\"https:\/\/montflours.fr\/?page_id=267\" \/>\n<meta property=\"og:site_name\" content=\"Commune de Montflours\" \/>\n<meta property=\"article:modified_time\" content=\"2024-04-18T09:44:21+00:00\" \/>\n<meta property=\"og:image\" content=\"http:\/\/montflours.fr\/wp-content\/uploads\/2023\/04\/cropped-Deco-bloucles-de-la-mayenne-scaled-1-1024x725.jpg\" \/>\n<meta name=\"twitter:card\" content=\"summary_large_image\" \/>\n<meta name=\"twitter:label1\" content=\"Dur\u00e9e de lecture estim\u00e9e\" \/>\n\t<meta name=\"twitter:data1\" content=\"1 minute\" \/>\n<script type=\"application\/ld+json\" class=\"yoast-schema-graph\">{\"@context\":\"https:\/\/schema.org\",\"@graph\":[{\"@type\":\"WebPage\",\"@id\":\"https:\/\/montflours.fr\/?page_id=267\",\"url\":\"https:\/\/montflours.fr\/?page_id=267\",\"name\":\"La commune de Montflours - Commune de Montflours\",\"isPartOf\":{\"@id\":\"https:\/\/montflours.fr\/#website\"},\"primaryImageOfPage\":{\"@id\":\"https:\/\/montflours.fr\/?page_id=267#primaryimage\"},\"image\":{\"@id\":\"https:\/\/montflours.fr\/?page_id=267#primaryimage\"},\"thumbnailUrl\":\"http:\/\/montflours.fr\/wp-content\/uploads\/2023\/04\/cropped-Deco-bloucles-de-la-mayenne-scaled-1-1024x725.jpg\",\"datePublished\":\"2023-11-02T15:51:34+00:00\",\"dateModified\":\"2024-04-18T09:44:21+00:00\",\"breadcrumb\":{\"@id\":\"https:\/\/montflours.fr\/?page_id=267#breadcrumb\"},\"inLanguage\":\"fr-FR\",\"potentialAction\":[{\"@type\":\"ReadAction\",\"target\":[\"https:\/\/montflours.fr\/?page_id=267\"]}]},{\"@type\":\"ImageObject\",\"inLanguage\":\"fr-FR\",\"@id\":\"https:\/\/montflours.fr\/?page_id=267#primaryimage\",\"url\":\"https:\/\/montflours.fr\/wp-content\/uploads\/2023\/04\/cropped-Deco-bloucles-de-la-mayenne-scaled-1.jpg\",\"contentUrl\":\"https:\/\/montflours.fr\/wp-content\/uploads\/2023\/04\/cropped-Deco-bloucles-de-la-mayenne-scaled-1.jpg\",\"width\":2096,\"height\":1485},{\"@type\":\"BreadcrumbList\",\"@id\":\"https:\/\/montflours.fr\/?page_id=267#breadcrumb\",\"itemListElement\":[{\"@type\":\"ListItem\",\"position\":1,\"name\":\"Accueil\",\"item\":\"https:\/\/montflours.fr\/\"},{\"@type\":\"ListItem\",\"position\":2,\"name\":\"La commune de Montflours\"}]},{\"@type\":\"WebSite\",\"@id\":\"https:\/\/montflours.fr\/#website\",\"url\":\"https:\/\/montflours.fr\/\",\"name\":\"Commune de Montflours\",\"description\":\"\",\"publisher\":{\"@id\":\"https:\/\/montflours.fr\/#organization\"},\"potentialAction\":[{\"@type\":\"SearchAction\",\"target\":{\"@type\":\"EntryPoint\",\"urlTemplate\":\"https:\/\/montflours.fr\/?s={search_term_string}\"},\"query-input\":\"required name=search_term_string\"}],\"inLanguage\":\"fr-FR\"},{\"@type\":\"Organization\",\"@id\":\"https:\/\/montflours.fr\/#organization\",\"name\":\"Commune de Montflours\",\"url\":\"https:\/\/montflours.fr\/\",\"logo\":{\"@type\":\"ImageObject\",\"inLanguage\":\"fr-FR\",\"@id\":\"https:\/\/montflours.fr\/#\/schema\/logo\/image\/\",\"url\":\"https:\/\/montflours.fr\/wp-content\/uploads\/2023\/02\/cropped-Logo-armoiries-montflours.png\",\"contentUrl\":\"https:\/\/montflours.fr\/wp-content\/uploads\/2023\/02\/cropped-Logo-armoiries-montflours.png\",\"width\":576,\"height\":611,\"caption\":\"Commune de Montflours\"},\"image\":{\"@id\":\"https:\/\/montflours.fr\/#\/schema\/logo\/image\/\"}}]}<\/script>\n<!-- \/ Yoast SEO plugin. -->","yoast_head_json":{"title":"La commune de Montflours - Commune de Montflours","robots":{"index":"index","follow":"follow","max-snippet":"max-snippet:-1","max-image-preview":"max-image-preview:large","max-video-preview":"max-video-preview:-1"},"canonical":"https:\/\/montflours.fr\/?page_id=267","og_locale":"fr_FR","og_type":"article","og_title":"La commune de Montflours - Commune de Montflours","og_description":"Commune de 259 habitants, Montflours fait partie de Laval Agglom\u00e9ration. La commune est situ\u00e9e \u00e0 moins de 10 minutes des commodit\u00e9s les [&hellip;]","og_url":"https:\/\/montflours.fr\/?page_id=267","og_site_name":"Commune de Montflours","article_modified_time":"2024-04-18T09:44:21+00:00","og_image":[{"url":"http:\/\/montflours.fr\/wp-content\/uploads\/2023\/04\/cropped-Deco-bloucles-de-la-mayenne-scaled-1-1024x725.jpg"}],"twitter_card":"summary_large_image","twitter_misc":{"Dur\u00e9e de lecture estim\u00e9e":"1 minute"},"schema":{"@context":"https:\/\/schema.org","@graph":[{"@type":"WebPage","@id":"https:\/\/montflours.fr\/?page_id=267","url":"https:\/\/montflours.fr\/?page_id=267","name":"La commune de Montflours - Commune de Montflours","isPartOf":{"@id":"https:\/\/montflours.fr\/#website"},"primaryImageOfPage":{"@id":"https:\/\/montflours.fr\/?page_id=267#primaryimage"},"image":{"@id":"https:\/\/montflours.fr\/?page_id=267#primaryimage"},"thumbnailUrl":"http:\/\/montflours.fr\/wp-content\/uploads\/2023\/04\/cropped-Deco-bloucles-de-la-mayenne-scaled-1-1024x725.jpg","datePublished":"2023-11-02T15:51:34+00:00","dateModified":"2024-04-18T09:44:21+00:00","breadcrumb":{"@id":"https:\/\/montflours.fr\/?page_id=267#breadcrumb"},"inLanguage":"fr-FR","potentialAction":[{"@type":"ReadAction","target":["https:\/\/montflours.fr\/?page_id=267"]}]},{"@type":"ImageObject","inLanguage":"fr-FR","@id":"https:\/\/montflours.fr\/?page_id=267#primaryimage","url":"https:\/\/montflours.fr\/wp-content\/uploads\/2023\/04\/cropped-Deco-bloucles-de-la-mayenne-scaled-1.jpg","contentUrl":"https:\/\/montflours.fr\/wp-content\/uploads\/2023\/04\/cropped-Deco-bloucles-de-la-mayenne-scaled-1.jpg","width":2096,"height":1485},{"@type":"BreadcrumbList","@id":"https:\/\/montflours.fr\/?page_id=267#breadcrumb","itemListElement":[{"@type":"ListItem","position":1,"name":"Accueil","item":"https:\/\/montflours.fr\/"},{"@type":"ListItem","position":2,"name":"La commune de Montflours"}]},{"@type":"WebSite","@id":"https:\/\/montflours.fr\/#website","url":"https:\/\/montflours.fr\/","name":"Commune de Montflours","description":"","publisher":{"@id":"https:\/\/montflours.fr\/#organization"},"potentialAction":[{"@type":"SearchAction","target":{"@type":"EntryPoint","urlTemplate":"https:\/\/montflours.fr\/?s={search_term_string}"},"query-input":"required name=search_term_string"}],"inLanguage":"fr-FR"},{"@type":"Organization","@id":"https:\/\/montflours.fr\/#organization","name":"Commune de Montflours","url":"https:\/\/montflours.fr\/","logo":{"@type":"ImageObject","inLanguage":"fr-FR","@id":"https:\/\/montflours.fr\/#\/schema\/logo\/image\/","url":"https:\/\/montflours.fr\/wp-content\/uploads\/2023\/02\/cropped-Logo-armoiries-montflours.png","contentUrl":"https:\/\/montflours.fr\/wp-content\/uploads\/2023\/02\/cropped-Logo-armoiries-montflours.png","width":576,"height":611,"caption":"Commune de Montflours"},"image":{"@id":"https:\/\/montflours.fr\/#\/schema\/logo\/image\/"}}]}},"_links":{"self":[{"href":"https:\/\/montflours.fr\/index.php?rest_route=\/wp\/v2\/pages\/267","targetHints":{"allow":["GET"]}}],"collection":[{"href":"https:\/\/montflours.fr\/index.php?rest_route=\/wp\/v2\/pages"}],"about":[{"href":"https:\/\/montflours.fr\/index.php?rest_route=\/wp\/v2\/types\/page"}],"author":[{"embeddable":true,"href":"https:\/\/montflours.fr\/index.php?rest_route=\/wp\/v2\/users\/1"}],"replies":[{"embeddable":true,"href":"https:\/\/montflours.fr\/index.php?rest_route=%2Fwp%2Fv2%2Fcomments&post=267"}],"version-history":[{"count":16,"href":"https:\/\/montflours.fr\/index.php?rest_route=\/wp\/v2\/pages\/267\/revisions"}],"predecessor-version":[{"id":483,"href":"https:\/\/montflours.fr\/index.php?rest_route=\/wp\/v2\/pages\/267\/revisions\/483"}],"wp:attachment":[{"href":"https:\/\/montflours.fr\/index.php?rest_route=%2Fwp%2Fv2%2Fmedia&parent=267"}],"curies":[{"name":"wp","href":"https:\/\/api.w.org\/{rel}","templated":true}]}}