{"id":154,"date":"2023-04-04T15:11:14","date_gmt":"2023-04-04T13:11:14","guid":{"rendered":"http:\/\/montflours.fr\/?page_id=154"},"modified":"2025-06-24T16:17:35","modified_gmt":"2025-06-24T14:17:35","slug":"materialis","status":"publish","type":"page","link":"https:\/\/montflours.fr\/","title":{"rendered":"Bienvenue sur le site de la commune de Montflours"},"content":{"rendered":"\n<h2 class=\"wp-block-heading\"><mark style=\"background-color:rgba(0, 0, 0, 0)\" class=\"has-inline-color has-luminous-vivid-amber-color\">Actu<\/mark><\/h2>\n\n\n\n<p><sup>Le 24 juin 2025<\/sup><\/p>\n\n\n\n<p class=\"has-large-font-size\"><strong><mark style=\"background-color:rgba(0, 0, 0, 0)\" class=\"has-inline-color has-vivid-red-color\">Montflours re\u00e7oit une Marianne du civisme !<\/mark><\/strong><\/p>\n\n\n\n<p>L\u2019\u00e9quipe municipale a le plaisir d\u2019annoncer que la commune de Montflours a officiellement re\u00e7u ce jour une <strong>Marianne du civisme<\/strong>, distinction honorant les communes ayant obtenu les meilleurs taux de participation aux \u00e9lections au niveau national.<\/p>\n\n\n\n<p><strong>Les Mariannes du civisme visent \u00e0 r\u00e9compenser les communes qui ont atteint le plus fort taux de participation lors d\u2019\u00e9lections.<\/strong> Organis\u00e9 par la F\u00e9d\u00e9ration nationale des anciens maires et adjoints de France (FAMAF), avec le soutien de l\u2019Association des maires de France (AMF), ce concours valorise l\u2019engagement citoyen \u00e0 l\u2019\u00e9chelle locale.<\/p>\n\n\n\n<p>Lors des \u00e9lections l\u00e9gislatives des 30 juin et 7 juillet 2024, Montflours a enregistr\u00e9 un taux de participation remarquable de <strong>82,96 %<\/strong>, dans la cat\u00e9gorie des communes de moins de 251 \u00e9lecteurs.<\/p>\n\n\n\n<p>Le troph\u00e9e a \u00e9t\u00e9 remis ce <strong>24 juin 2025<\/strong> \u00e0 Saint-Berthevin, lors de l\u2019assembl\u00e9e g\u00e9n\u00e9rale de l\u2019AMF, en pr\u00e9sence d\u2019Andr\u00e9 Delefosse, maire de Montflours, et des repr\u00e9sentants des autres communes laur\u00e9ates.<\/p>\n\n\n\n<p>Cette r\u00e9compense est le reflet de l\u2019engagement d\u00e9mocratique des Montflouraises et des Montflourais.<\/p>\n\n\n\n<p><strong>L\u2019\u00e9quipe municipale remercie chaleureusement l\u2019ensemble des \u00e9lectrices et \u00e9lecteurs pour leur mobilisation exemplaire.<\/strong><\/p>\n\n\n\n<figure class=\"wp-block-image size-large is-resized\"><img decoding=\"async\" src=\"http:\/\/montflours.fr\/wp-content\/uploads\/2025\/06\/mariannes-du-civisme-2025-300x207.png\" alt=\"\" style=\"width:461px;height:auto\"\/><\/figure>\n\n\n\n<p><\/p>\n","protected":false},"excerpt":{"rendered":"<p>Actu Le 24 juin 2025 Montflours re\u00e7oit une Marianne du civisme ! L\u2019\u00e9quipe municipale a le plaisir d\u2019annoncer que la commune de [&hellip;]<\/p>\n","protected":false},"author":1,"featured_media":0,"parent":0,"menu_order":0,"comment_status":"closed","ping_status":"closed","template":"","meta":{"footnotes":""},"class_list":["post-154","page","type-page","status-publish","hentry"],"yoast_head":"<!-- This site is optimized with the Yoast SEO plugin v22.4 - https:\/\/yoast.com\/wordpress\/plugins\/seo\/ -->\n<title>Bienvenue sur le site de la commune de Montflours - Commune de Montflours<\/title>\n<meta name=\"robots\" content=\"index, follow, max-snippet:-1, max-image-preview:large, max-video-preview:-1\" \/>\n<link rel=\"canonical\" href=\"https:\/\/montflours.fr\/\" \/>\n<meta property=\"og:locale\" content=\"fr_FR\" \/>\n<meta property=\"og:type\" content=\"article\" \/>\n<meta property=\"og:title\" content=\"Bienvenue sur le site de la commune de Montflours - Commune de Montflours\" \/>\n<meta property=\"og:description\" content=\"Actu Le 24 juin 2025 Montflours re\u00e7oit une Marianne du civisme ! L\u2019\u00e9quipe municipale a le plaisir d\u2019annoncer que la commune de [&hellip;]\" \/>\n<meta property=\"og:url\" content=\"https:\/\/montflours.fr\/\" \/>\n<meta property=\"og:site_name\" content=\"Commune de Montflours\" \/>\n<meta property=\"article:modified_time\" content=\"2025-06-24T14:17:35+00:00\" \/>\n<meta property=\"og:image\" content=\"http:\/\/montflours.fr\/wp-content\/uploads\/2025\/06\/mariannes-du-civisme-2025-300x207.png\" \/>\n<meta name=\"twitter:card\" content=\"summary_large_image\" \/>\n<meta name=\"twitter:label1\" content=\"Dur\u00e9e de lecture estim\u00e9e\" \/>\n\t<meta name=\"twitter:data1\" content=\"2 minutes\" \/>\n<script type=\"application\/ld+json\" class=\"yoast-schema-graph\">{\"@context\":\"https:\/\/schema.org\",\"@graph\":[{\"@type\":\"WebPage\",\"@id\":\"https:\/\/montflours.fr\/\",\"url\":\"https:\/\/montflours.fr\/\",\"name\":\"Bienvenue sur le site de la commune de Montflours - Commune de Montflours\",\"isPartOf\":{\"@id\":\"https:\/\/montflours.fr\/#website\"},\"primaryImageOfPage\":{\"@id\":\"https:\/\/montflours.fr\/#primaryimage\"},\"image\":{\"@id\":\"https:\/\/montflours.fr\/#primaryimage\"},\"thumbnailUrl\":\"http:\/\/montflours.fr\/wp-content\/uploads\/2025\/06\/mariannes-du-civisme-2025-300x207.png\",\"datePublished\":\"2023-04-04T13:11:14+00:00\",\"dateModified\":\"2025-06-24T14:17:35+00:00\",\"breadcrumb\":{\"@id\":\"https:\/\/montflours.fr\/#breadcrumb\"},\"inLanguage\":\"fr-FR\",\"potentialAction\":[{\"@type\":\"ReadAction\",\"target\":[\"https:\/\/montflours.fr\/\"]}]},{\"@type\":\"ImageObject\",\"inLanguage\":\"fr-FR\",\"@id\":\"https:\/\/montflours.fr\/#primaryimage\",\"url\":\"http:\/\/montflours.fr\/wp-content\/uploads\/2025\/06\/mariannes-du-civisme-2025-300x207.png\",\"contentUrl\":\"http:\/\/montflours.fr\/wp-content\/uploads\/2025\/06\/mariannes-du-civisme-2025-300x207.png\"},{\"@type\":\"BreadcrumbList\",\"@id\":\"https:\/\/montflours.fr\/#breadcrumb\",\"itemListElement\":[{\"@type\":\"ListItem\",\"position\":1,\"name\":\"Accueil\",\"item\":\"https:\/\/montflours.fr\/\"},{\"@type\":\"ListItem\",\"position\":2,\"name\":\"Bienvenue sur le site de la commune de Montflours\"}]},{\"@type\":\"WebSite\",\"@id\":\"https:\/\/montflours.fr\/#website\",\"url\":\"https:\/\/montflours.fr\/\",\"name\":\"Commune de Montflours\",\"description\":\"\",\"publisher\":{\"@id\":\"https:\/\/montflours.fr\/#organization\"},\"potentialAction\":[{\"@type\":\"SearchAction\",\"target\":{\"@type\":\"EntryPoint\",\"urlTemplate\":\"https:\/\/montflours.fr\/?s={search_term_string}\"},\"query-input\":\"required name=search_term_string\"}],\"inLanguage\":\"fr-FR\"},{\"@type\":\"Organization\",\"@id\":\"https:\/\/montflours.fr\/#organization\",\"name\":\"Commune de Montflours\",\"url\":\"https:\/\/montflours.fr\/\",\"logo\":{\"@type\":\"ImageObject\",\"inLanguage\":\"fr-FR\",\"@id\":\"https:\/\/montflours.fr\/#\/schema\/logo\/image\/\",\"url\":\"https:\/\/montflours.fr\/wp-content\/uploads\/2023\/02\/cropped-Logo-armoiries-montflours.png\",\"contentUrl\":\"https:\/\/montflours.fr\/wp-content\/uploads\/2023\/02\/cropped-Logo-armoiries-montflours.png\",\"width\":576,\"height\":611,\"caption\":\"Commune de Montflours\"},\"image\":{\"@id\":\"https:\/\/montflours.fr\/#\/schema\/logo\/image\/\"}}]}<\/script>\n<!-- \/ Yoast SEO plugin. -->","yoast_head_json":{"title":"Bienvenue sur le site de la commune de Montflours - Commune de Montflours","robots":{"index":"index","follow":"follow","max-snippet":"max-snippet:-1","max-image-preview":"max-image-preview:large","max-video-preview":"max-video-preview:-1"},"canonical":"https:\/\/montflours.fr\/","og_locale":"fr_FR","og_type":"article","og_title":"Bienvenue sur le site de la commune de Montflours - Commune de Montflours","og_description":"Actu Le 24 juin 2025 Montflours re\u00e7oit une Marianne du civisme ! L\u2019\u00e9quipe municipale a le plaisir d\u2019annoncer que la commune de [&hellip;]","og_url":"https:\/\/montflours.fr\/","og_site_name":"Commune de Montflours","article_modified_time":"2025-06-24T14:17:35+00:00","og_image":[{"url":"http:\/\/montflours.fr\/wp-content\/uploads\/2025\/06\/mariannes-du-civisme-2025-300x207.png"}],"twitter_card":"summary_large_image","twitter_misc":{"Dur\u00e9e de lecture estim\u00e9e":"2 minutes"},"schema":{"@context":"https:\/\/schema.org","@graph":[{"@type":"WebPage","@id":"https:\/\/montflours.fr\/","url":"https:\/\/montflours.fr\/","name":"Bienvenue sur le site de la commune de Montflours - Commune de Montflours","isPartOf":{"@id":"https:\/\/montflours.fr\/#website"},"primaryImageOfPage":{"@id":"https:\/\/montflours.fr\/#primaryimage"},"image":{"@id":"https:\/\/montflours.fr\/#primaryimage"},"thumbnailUrl":"http:\/\/montflours.fr\/wp-content\/uploads\/2025\/06\/mariannes-du-civisme-2025-300x207.png","datePublished":"2023-04-04T13:11:14+00:00","dateModified":"2025-06-24T14:17:35+00:00","breadcrumb":{"@id":"https:\/\/montflours.fr\/#breadcrumb"},"inLanguage":"fr-FR","potentialAction":[{"@type":"ReadAction","target":["https:\/\/montflours.fr\/"]}]},{"@type":"ImageObject","inLanguage":"fr-FR","@id":"https:\/\/montflours.fr\/#primaryimage","url":"http:\/\/montflours.fr\/wp-content\/uploads\/2025\/06\/mariannes-du-civisme-2025-300x207.png","contentUrl":"http:\/\/montflours.fr\/wp-content\/uploads\/2025\/06\/mariannes-du-civisme-2025-300x207.png"},{"@type":"BreadcrumbList","@id":"https:\/\/montflours.fr\/#breadcrumb","itemListElement":[{"@type":"ListItem","position":1,"name":"Accueil","item":"https:\/\/montflours.fr\/"},{"@type":"ListItem","position":2,"name":"Bienvenue sur le site de la commune de Montflours"}]},{"@type":"WebSite","@id":"https:\/\/montflours.fr\/#website","url":"https:\/\/montflours.fr\/","name":"Commune de Montflours","description":"","publisher":{"@id":"https:\/\/montflours.fr\/#organization"},"potentialAction":[{"@type":"SearchAction","target":{"@type":"EntryPoint","urlTemplate":"https:\/\/montflours.fr\/?s={search_term_string}"},"query-input":"required name=search_term_string"}],"inLanguage":"fr-FR"},{"@type":"Organization","@id":"https:\/\/montflours.fr\/#organization","name":"Commune de Montflours","url":"https:\/\/montflours.fr\/","logo":{"@type":"ImageObject","inLanguage":"fr-FR","@id":"https:\/\/montflours.fr\/#\/schema\/logo\/image\/","url":"https:\/\/montflours.fr\/wp-content\/uploads\/2023\/02\/cropped-Logo-armoiries-montflours.png","contentUrl":"https:\/\/montflours.fr\/wp-content\/uploads\/2023\/02\/cropped-Logo-armoiries-montflours.png","width":576,"height":611,"caption":"Commune de Montflours"},"image":{"@id":"https:\/\/montflours.fr\/#\/schema\/logo\/image\/"}}]}},"_links":{"self":[{"href":"https:\/\/montflours.fr\/index.php?rest_route=\/wp\/v2\/pages\/154","targetHints":{"allow":["GET"]}}],"collection":[{"href":"https:\/\/montflours.fr\/index.php?rest_route=\/wp\/v2\/pages"}],"about":[{"href":"https:\/\/montflours.fr\/index.php?rest_route=\/wp\/v2\/types\/page"}],"author":[{"embeddable":true,"href":"https:\/\/montflours.fr\/index.php?rest_route=\/wp\/v2\/users\/1"}],"replies":[{"embeddable":true,"href":"https:\/\/montflours.fr\/index.php?rest_route=%2Fwp%2Fv2%2Fcomments&post=154"}],"version-history":[{"count":19,"href":"https:\/\/montflours.fr\/index.php?rest_route=\/wp\/v2\/pages\/154\/revisions"}],"predecessor-version":[{"id":667,"href":"https:\/\/montflours.fr\/index.php?rest_route=\/wp\/v2\/pages\/154\/revisions\/667"}],"wp:attachment":[{"href":"https:\/\/montflours.fr\/index.php?rest_route=%2Fwp%2Fv2%2Fmedia&parent=154"}],"curies":[{"name":"wp","href":"https:\/\/api.w.org\/{rel}","templated":true}]}}