{"id":126,"date":"2023-12-18T15:53:41","date_gmt":"2023-12-18T14:53:41","guid":{"rendered":"http:\/\/montflours.fr\/?page_id=126"},"modified":"2024-04-25T15:09:52","modified_gmt":"2024-04-25T13:09:52","slug":"les-gites-du-halage","status":"publish","type":"page","link":"https:\/\/montflours.fr\/?page_id=126","title":{"rendered":"Les g\u00eetes des refuges du halage"},"content":{"rendered":"\n<figure class=\"wp-block-image size-full\"><img loading=\"lazy\" decoding=\"async\" width=\"960\" height=\"720\" src=\"https:\/\/montflours.fr\/wp-content\/uploads\/2024\/04\/ensemble-2.jpg\" alt=\"Gite du refuges du halage montflours\" class=\"wp-image-509\" srcset=\"https:\/\/montflours.fr\/wp-content\/uploads\/2024\/04\/ensemble-2.jpg 960w, https:\/\/montflours.fr\/wp-content\/uploads\/2024\/04\/ensemble-2-300x225.jpg 300w, https:\/\/montflours.fr\/wp-content\/uploads\/2024\/04\/ensemble-2-768x576.jpg 768w, https:\/\/montflours.fr\/wp-content\/uploads\/2024\/04\/ensemble-2-230x173.jpg 230w, https:\/\/montflours.fr\/wp-content\/uploads\/2024\/04\/ensemble-2-350x263.jpg 350w, https:\/\/montflours.fr\/wp-content\/uploads\/2024\/04\/ensemble-2-480x360.jpg 480w\" sizes=\"auto, (max-width: 960px) 100vw, 960px\" \/><\/figure>\n\n\n\n<p>Vivez une pause sur les bords de la Mayenne avec les g\u00eetes des Refuges du halage. Les \u00e9cluses de La Fourmondi\u00e8re Sup\u00e9rieure et de La Richardi\u00e8re r\u00e9nov\u00e9es en g\u00eetes vous accueillent pour une ou plusieurs nuits en pleine nature, face \u00e0 la rivi\u00e8re.&nbsp;<\/p>\n\n\n\n<p>Maison enti\u00e8rement \u00e9quip\u00e9e, jusqu&rsquo;\u00e0 7 personnes. Ouvertes une grande partie de l&rsquo;ann\u00e9e. H\u00e9bergement p\u00eache et accueil v\u00e9lo. Accessible aux personnes \u00e0 mobilit\u00e9 r\u00e9duite et\/ ou malvoyantes.&nbsp;<\/p>\n\n\n\n<p>Pour plus de renseignements et tarifs sur le site internet des <a href=\"https:\/\/www.rdhmayenne.com\/\">Refuges du halages<\/a>,  par mail : <a href=\"mailto:laetitia@rdhmayenne.com\">laetitia@rdhmayenne.com<\/a> ou par t\u00e9l\u00e9phone au 0768515120<\/p>\n\n\n\n<figure class=\"wp-block-gallery has-nested-images columns-default is-cropped wp-block-gallery-1 is-layout-flex wp-block-gallery-is-layout-flex\">\n<figure class=\"wp-block-image size-large\"><img loading=\"lazy\" decoding=\"async\" width=\"768\" height=\"1024\" data-id=\"513\" src=\"https:\/\/montflours.fr\/wp-content\/uploads\/2024\/04\/ecluse-fourmondiere-768x1024.jpg\" alt=\"Gite du refuges du halage montflours Batiment\" class=\"wp-image-513\" srcset=\"https:\/\/montflours.fr\/wp-content\/uploads\/2024\/04\/ecluse-fourmondiere-768x1024.jpg 768w, https:\/\/montflours.fr\/wp-content\/uploads\/2024\/04\/ecluse-fourmondiere-225x300.jpg 225w, https:\/\/montflours.fr\/wp-content\/uploads\/2024\/04\/ecluse-fourmondiere-1000x1333.jpg 1000w, https:\/\/montflours.fr\/wp-content\/uploads\/2024\/04\/ecluse-fourmondiere-230x307.jpg 230w, https:\/\/montflours.fr\/wp-content\/uploads\/2024\/04\/ecluse-fourmondiere-350x467.jpg 350w, https:\/\/montflours.fr\/wp-content\/uploads\/2024\/04\/ecluse-fourmondiere-480x640.jpg 480w, https:\/\/montflours.fr\/wp-content\/uploads\/2024\/04\/ecluse-fourmondiere.jpg 1125w\" sizes=\"auto, (max-width: 768px) 100vw, 768px\" \/><\/figure>\n\n\n\n<figure class=\"wp-block-image size-large\"><img loading=\"lazy\" decoding=\"async\" width=\"1000\" height=\"667\" data-id=\"512\" src=\"https:\/\/montflours.fr\/wp-content\/uploads\/2024\/04\/ecluses-vue-du-pont-1.jpg\" alt=\"Gite montflours VUE\" class=\"wp-image-512\" srcset=\"https:\/\/montflours.fr\/wp-content\/uploads\/2024\/04\/ecluses-vue-du-pont-1.jpg 1000w, https:\/\/montflours.fr\/wp-content\/uploads\/2024\/04\/ecluses-vue-du-pont-1-300x200.jpg 300w, https:\/\/montflours.fr\/wp-content\/uploads\/2024\/04\/ecluses-vue-du-pont-1-768x512.jpg 768w, https:\/\/montflours.fr\/wp-content\/uploads\/2024\/04\/ecluses-vue-du-pont-1-230x153.jpg 230w, https:\/\/montflours.fr\/wp-content\/uploads\/2024\/04\/ecluses-vue-du-pont-1-350x233.jpg 350w, https:\/\/montflours.fr\/wp-content\/uploads\/2024\/04\/ecluses-vue-du-pont-1-480x320.jpg 480w\" sizes=\"auto, (max-width: 1000px) 100vw, 1000px\" \/><\/figure>\n\n\n\n<figure class=\"wp-block-image size-large\"><img loading=\"lazy\" decoding=\"async\" width=\"960\" height=\"720\" data-id=\"511\" src=\"https:\/\/montflours.fr\/wp-content\/uploads\/2024\/04\/ensemble-2-1.jpg\" alt=\"Gite du refuges du halage montflours Batiment autre\" class=\"wp-image-511\" srcset=\"https:\/\/montflours.fr\/wp-content\/uploads\/2024\/04\/ensemble-2-1.jpg 960w, https:\/\/montflours.fr\/wp-content\/uploads\/2024\/04\/ensemble-2-1-300x225.jpg 300w, https:\/\/montflours.fr\/wp-content\/uploads\/2024\/04\/ensemble-2-1-768x576.jpg 768w, https:\/\/montflours.fr\/wp-content\/uploads\/2024\/04\/ensemble-2-1-230x173.jpg 230w, https:\/\/montflours.fr\/wp-content\/uploads\/2024\/04\/ensemble-2-1-350x263.jpg 350w, https:\/\/montflours.fr\/wp-content\/uploads\/2024\/04\/ensemble-2-1-480x360.jpg 480w\" sizes=\"auto, (max-width: 960px) 100vw, 960px\" \/><\/figure>\n\n\n\n<figure class=\"wp-block-image size-large\"><img loading=\"lazy\" decoding=\"async\" width=\"1024\" height=\"461\" data-id=\"515\" src=\"https:\/\/montflours.fr\/wp-content\/uploads\/2024\/04\/piece-principale-1024x461.jpg\" alt=\"Gite montflours int\u00e9rieur\" class=\"wp-image-515\" srcset=\"https:\/\/montflours.fr\/wp-content\/uploads\/2024\/04\/piece-principale-1024x461.jpg 1024w, https:\/\/montflours.fr\/wp-content\/uploads\/2024\/04\/piece-principale-300x135.jpg 300w, https:\/\/montflours.fr\/wp-content\/uploads\/2024\/04\/piece-principale-768x346.jpg 768w, https:\/\/montflours.fr\/wp-content\/uploads\/2024\/04\/piece-principale-1536x691.jpg 1536w, https:\/\/montflours.fr\/wp-content\/uploads\/2024\/04\/piece-principale-1000x450.jpg 1000w, https:\/\/montflours.fr\/wp-content\/uploads\/2024\/04\/piece-principale-230x103.jpg 230w, https:\/\/montflours.fr\/wp-content\/uploads\/2024\/04\/piece-principale-350x157.jpg 350w, https:\/\/montflours.fr\/wp-content\/uploads\/2024\/04\/piece-principale-480x216.jpg 480w, https:\/\/montflours.fr\/wp-content\/uploads\/2024\/04\/piece-principale.jpg 1778w\" sizes=\"auto, (max-width: 1024px) 100vw, 1024px\" \/><\/figure>\n\n\n\n<figure class=\"wp-block-image size-large\"><img loading=\"lazy\" decoding=\"async\" width=\"1024\" height=\"743\" data-id=\"514\" src=\"https:\/\/montflours.fr\/wp-content\/uploads\/2024\/04\/terrasse-fourmondiere-1024x743.jpg\" alt=\"Gite montflours terrasse\" class=\"wp-image-514\" srcset=\"https:\/\/montflours.fr\/wp-content\/uploads\/2024\/04\/terrasse-fourmondiere-1024x743.jpg 1024w, https:\/\/montflours.fr\/wp-content\/uploads\/2024\/04\/terrasse-fourmondiere-300x218.jpg 300w, https:\/\/montflours.fr\/wp-content\/uploads\/2024\/04\/terrasse-fourmondiere-768x557.jpg 768w, https:\/\/montflours.fr\/wp-content\/uploads\/2024\/04\/terrasse-fourmondiere-1000x726.jpg 1000w, https:\/\/montflours.fr\/wp-content\/uploads\/2024\/04\/terrasse-fourmondiere-550x400.jpg 550w, https:\/\/montflours.fr\/wp-content\/uploads\/2024\/04\/terrasse-fourmondiere-230x167.jpg 230w, https:\/\/montflours.fr\/wp-content\/uploads\/2024\/04\/terrasse-fourmondiere-350x254.jpg 350w, https:\/\/montflours.fr\/wp-content\/uploads\/2024\/04\/terrasse-fourmondiere-480x348.jpg 480w, https:\/\/montflours.fr\/wp-content\/uploads\/2024\/04\/terrasse-fourmondiere.jpg 1280w\" sizes=\"auto, (max-width: 1024px) 100vw, 1024px\" \/><\/figure>\n<\/figure>\n","protected":false},"excerpt":{"rendered":"<p>Vivez une pause sur les bords de la Mayenne avec les g\u00eetes des Refuges du halage. Les \u00e9cluses de La Fourmondi\u00e8re Sup\u00e9rieure [&hellip;]<\/p>\n","protected":false},"author":1,"featured_media":0,"parent":0,"menu_order":0,"comment_status":"closed","ping_status":"closed","template":"","meta":{"footnotes":""},"class_list":["post-126","page","type-page","status-publish","hentry"],"yoast_head":"<!-- This site is optimized with the Yoast SEO plugin v22.4 - https:\/\/yoast.com\/wordpress\/plugins\/seo\/ -->\n<title>Les g\u00eetes des refuges du halage - Commune de Montflours<\/title>\n<meta name=\"description\" content=\"Vivez une pause sur les bords de la Mayenne avec les g\u00eetes des Refuges du halage : Ecluses de la Fourmondi\u00e8re sup\u00e9rieure et de la Richardi\u00e8re\" \/>\n<meta name=\"robots\" content=\"index, follow, max-snippet:-1, max-image-preview:large, max-video-preview:-1\" \/>\n<link rel=\"canonical\" href=\"https:\/\/montflours.fr\/?page_id=126\" \/>\n<meta property=\"og:locale\" content=\"fr_FR\" \/>\n<meta property=\"og:type\" content=\"article\" \/>\n<meta property=\"og:title\" content=\"Les g\u00eetes des refuges du halage - Commune de Montflours\" \/>\n<meta property=\"og:description\" content=\"Vivez une pause sur les bords de la Mayenne avec les g\u00eetes des Refuges du halage : Ecluses de la Fourmondi\u00e8re sup\u00e9rieure et de la Richardi\u00e8re\" \/>\n<meta property=\"og:url\" content=\"https:\/\/montflours.fr\/?page_id=126\" \/>\n<meta property=\"og:site_name\" content=\"Commune de Montflours\" \/>\n<meta property=\"article:modified_time\" content=\"2024-04-25T13:09:52+00:00\" \/>\n<meta property=\"og:image\" content=\"https:\/\/montflours.fr\/wp-content\/uploads\/2024\/04\/ensemble-2.jpg\" \/>\n<meta name=\"twitter:card\" content=\"summary_large_image\" \/>\n<meta name=\"twitter:label1\" content=\"Dur\u00e9e de lecture estim\u00e9e\" \/>\n\t<meta name=\"twitter:data1\" content=\"2 minutes\" \/>\n<script type=\"application\/ld+json\" class=\"yoast-schema-graph\">{\"@context\":\"https:\/\/schema.org\",\"@graph\":[{\"@type\":\"WebPage\",\"@id\":\"https:\/\/montflours.fr\/?page_id=126\",\"url\":\"https:\/\/montflours.fr\/?page_id=126\",\"name\":\"Les g\u00eetes des refuges du halage - Commune de Montflours\",\"isPartOf\":{\"@id\":\"https:\/\/montflours.fr\/#website\"},\"primaryImageOfPage\":{\"@id\":\"https:\/\/montflours.fr\/?page_id=126#primaryimage\"},\"image\":{\"@id\":\"https:\/\/montflours.fr\/?page_id=126#primaryimage\"},\"thumbnailUrl\":\"https:\/\/montflours.fr\/wp-content\/uploads\/2024\/04\/ensemble-2.jpg\",\"datePublished\":\"2023-12-18T14:53:41+00:00\",\"dateModified\":\"2024-04-25T13:09:52+00:00\",\"description\":\"Vivez une pause sur les bords de la Mayenne avec les g\u00eetes des Refuges du halage : Ecluses de la Fourmondi\u00e8re sup\u00e9rieure et de la Richardi\u00e8re\",\"breadcrumb\":{\"@id\":\"https:\/\/montflours.fr\/?page_id=126#breadcrumb\"},\"inLanguage\":\"fr-FR\",\"potentialAction\":[{\"@type\":\"ReadAction\",\"target\":[\"https:\/\/montflours.fr\/?page_id=126\"]}]},{\"@type\":\"ImageObject\",\"inLanguage\":\"fr-FR\",\"@id\":\"https:\/\/montflours.fr\/?page_id=126#primaryimage\",\"url\":\"https:\/\/montflours.fr\/wp-content\/uploads\/2024\/04\/ensemble-2.jpg\",\"contentUrl\":\"https:\/\/montflours.fr\/wp-content\/uploads\/2024\/04\/ensemble-2.jpg\",\"width\":960,\"height\":720},{\"@type\":\"BreadcrumbList\",\"@id\":\"https:\/\/montflours.fr\/?page_id=126#breadcrumb\",\"itemListElement\":[{\"@type\":\"ListItem\",\"position\":1,\"name\":\"Accueil\",\"item\":\"https:\/\/montflours.fr\/\"},{\"@type\":\"ListItem\",\"position\":2,\"name\":\"Les g\u00eetes des refuges du halage\"}]},{\"@type\":\"WebSite\",\"@id\":\"https:\/\/montflours.fr\/#website\",\"url\":\"https:\/\/montflours.fr\/\",\"name\":\"Commune de Montflours\",\"description\":\"\",\"publisher\":{\"@id\":\"https:\/\/montflours.fr\/#organization\"},\"potentialAction\":[{\"@type\":\"SearchAction\",\"target\":{\"@type\":\"EntryPoint\",\"urlTemplate\":\"https:\/\/montflours.fr\/?s={search_term_string}\"},\"query-input\":\"required name=search_term_string\"}],\"inLanguage\":\"fr-FR\"},{\"@type\":\"Organization\",\"@id\":\"https:\/\/montflours.fr\/#organization\",\"name\":\"Commune de Montflours\",\"url\":\"https:\/\/montflours.fr\/\",\"logo\":{\"@type\":\"ImageObject\",\"inLanguage\":\"fr-FR\",\"@id\":\"https:\/\/montflours.fr\/#\/schema\/logo\/image\/\",\"url\":\"https:\/\/montflours.fr\/wp-content\/uploads\/2023\/02\/cropped-Logo-armoiries-montflours.png\",\"contentUrl\":\"https:\/\/montflours.fr\/wp-content\/uploads\/2023\/02\/cropped-Logo-armoiries-montflours.png\",\"width\":576,\"height\":611,\"caption\":\"Commune de Montflours\"},\"image\":{\"@id\":\"https:\/\/montflours.fr\/#\/schema\/logo\/image\/\"}}]}<\/script>\n<!-- \/ Yoast SEO plugin. -->","yoast_head_json":{"title":"Les g\u00eetes des refuges du halage - Commune de Montflours","description":"Vivez une pause sur les bords de la Mayenne avec les g\u00eetes des Refuges du halage : Ecluses de la Fourmondi\u00e8re sup\u00e9rieure et de la Richardi\u00e8re","robots":{"index":"index","follow":"follow","max-snippet":"max-snippet:-1","max-image-preview":"max-image-preview:large","max-video-preview":"max-video-preview:-1"},"canonical":"https:\/\/montflours.fr\/?page_id=126","og_locale":"fr_FR","og_type":"article","og_title":"Les g\u00eetes des refuges du halage - Commune de Montflours","og_description":"Vivez une pause sur les bords de la Mayenne avec les g\u00eetes des Refuges du halage : Ecluses de la Fourmondi\u00e8re sup\u00e9rieure et de la Richardi\u00e8re","og_url":"https:\/\/montflours.fr\/?page_id=126","og_site_name":"Commune de Montflours","article_modified_time":"2024-04-25T13:09:52+00:00","og_image":[{"url":"https:\/\/montflours.fr\/wp-content\/uploads\/2024\/04\/ensemble-2.jpg"}],"twitter_card":"summary_large_image","twitter_misc":{"Dur\u00e9e de lecture estim\u00e9e":"2 minutes"},"schema":{"@context":"https:\/\/schema.org","@graph":[{"@type":"WebPage","@id":"https:\/\/montflours.fr\/?page_id=126","url":"https:\/\/montflours.fr\/?page_id=126","name":"Les g\u00eetes des refuges du halage - Commune de Montflours","isPartOf":{"@id":"https:\/\/montflours.fr\/#website"},"primaryImageOfPage":{"@id":"https:\/\/montflours.fr\/?page_id=126#primaryimage"},"image":{"@id":"https:\/\/montflours.fr\/?page_id=126#primaryimage"},"thumbnailUrl":"https:\/\/montflours.fr\/wp-content\/uploads\/2024\/04\/ensemble-2.jpg","datePublished":"2023-12-18T14:53:41+00:00","dateModified":"2024-04-25T13:09:52+00:00","description":"Vivez une pause sur les bords de la Mayenne avec les g\u00eetes des Refuges du halage : Ecluses de la Fourmondi\u00e8re sup\u00e9rieure et de la Richardi\u00e8re","breadcrumb":{"@id":"https:\/\/montflours.fr\/?page_id=126#breadcrumb"},"inLanguage":"fr-FR","potentialAction":[{"@type":"ReadAction","target":["https:\/\/montflours.fr\/?page_id=126"]}]},{"@type":"ImageObject","inLanguage":"fr-FR","@id":"https:\/\/montflours.fr\/?page_id=126#primaryimage","url":"https:\/\/montflours.fr\/wp-content\/uploads\/2024\/04\/ensemble-2.jpg","contentUrl":"https:\/\/montflours.fr\/wp-content\/uploads\/2024\/04\/ensemble-2.jpg","width":960,"height":720},{"@type":"BreadcrumbList","@id":"https:\/\/montflours.fr\/?page_id=126#breadcrumb","itemListElement":[{"@type":"ListItem","position":1,"name":"Accueil","item":"https:\/\/montflours.fr\/"},{"@type":"ListItem","position":2,"name":"Les g\u00eetes des refuges du halage"}]},{"@type":"WebSite","@id":"https:\/\/montflours.fr\/#website","url":"https:\/\/montflours.fr\/","name":"Commune de Montflours","description":"","publisher":{"@id":"https:\/\/montflours.fr\/#organization"},"potentialAction":[{"@type":"SearchAction","target":{"@type":"EntryPoint","urlTemplate":"https:\/\/montflours.fr\/?s={search_term_string}"},"query-input":"required name=search_term_string"}],"inLanguage":"fr-FR"},{"@type":"Organization","@id":"https:\/\/montflours.fr\/#organization","name":"Commune de Montflours","url":"https:\/\/montflours.fr\/","logo":{"@type":"ImageObject","inLanguage":"fr-FR","@id":"https:\/\/montflours.fr\/#\/schema\/logo\/image\/","url":"https:\/\/montflours.fr\/wp-content\/uploads\/2023\/02\/cropped-Logo-armoiries-montflours.png","contentUrl":"https:\/\/montflours.fr\/wp-content\/uploads\/2023\/02\/cropped-Logo-armoiries-montflours.png","width":576,"height":611,"caption":"Commune de Montflours"},"image":{"@id":"https:\/\/montflours.fr\/#\/schema\/logo\/image\/"}}]}},"_links":{"self":[{"href":"https:\/\/montflours.fr\/index.php?rest_route=\/wp\/v2\/pages\/126","targetHints":{"allow":["GET"]}}],"collection":[{"href":"https:\/\/montflours.fr\/index.php?rest_route=\/wp\/v2\/pages"}],"about":[{"href":"https:\/\/montflours.fr\/index.php?rest_route=\/wp\/v2\/types\/page"}],"author":[{"embeddable":true,"href":"https:\/\/montflours.fr\/index.php?rest_route=\/wp\/v2\/users\/1"}],"replies":[{"embeddable":true,"href":"https:\/\/montflours.fr\/index.php?rest_route=%2Fwp%2Fv2%2Fcomments&post=126"}],"version-history":[{"count":2,"href":"https:\/\/montflours.fr\/index.php?rest_route=\/wp\/v2\/pages\/126\/revisions"}],"predecessor-version":[{"id":516,"href":"https:\/\/montflours.fr\/index.php?rest_route=\/wp\/v2\/pages\/126\/revisions\/516"}],"wp:attachment":[{"href":"https:\/\/montflours.fr\/index.php?rest_route=%2Fwp%2Fv2%2Fmedia&parent=126"}],"curies":[{"name":"wp","href":"https:\/\/api.w.org\/{rel}","templated":true}]}}