{"id":120,"date":"2023-12-18T15:51:32","date_gmt":"2023-12-18T14:51:32","guid":{"rendered":"http:\/\/montflours.fr\/?page_id=120"},"modified":"2025-04-02T10:34:29","modified_gmt":"2025-04-02T08:34:29","slug":"animmontflours","status":"publish","type":"page","link":"https:\/\/montflours.fr\/?page_id=120","title":{"rendered":"Anim&rsquo;Montflours &#8211; L&rsquo;association"},"content":{"rendered":"\n<h2 class=\"wp-block-heading\">L&rsquo;association<\/h2>\n\n\n\n<p>C\u2019est une association loi 1901 dont le but est de favoriser les \u00e9changes et la convivialit\u00e9 entre tous les habitants&nbsp;; de mettre en place des services ou animations et d\u2019organiser des activit\u00e9s au plus pr\u00e8s des attentes des habitants.<\/p>\n\n\n\n<p>Le si\u00e8ge social est situ\u00e9 1 place de la Sergenterie \u2013 53240 Montflours.<\/p>\n\n\n\n<p>L\u2019association est compos\u00e9e d\u2019un conseil d\u2019administration (CA) et de membres adh\u00e9rents. Le CA est \u00e9lu chaque ann\u00e9e, lors de l\u2019assembl\u00e9e g\u00e9n\u00e9rale. Pour int\u00e9grer le CA, il faut \u00eatre montflourais, \u00e2g\u00e9 de 16&nbsp;ans ou plus et non \u00e9lu de la municipalit\u00e9. Ceci permet de multiplier les comp\u00e9tences, diversifier les activit\u00e9s et ne pas \u00eatre juge et partie dans la prise de d\u00e9cisions.<\/p>\n\n\n\n<p>Il n\u2019y a pas d\u2019instance dirigeante. Les d\u00e9cisions sont prises coll\u00e9gialement. Les r\u00e9f\u00e9rents sont cependant choisis par le CA pour g\u00e9rer les affaires courantes et\/ou urgentes.<\/p>\n\n\n\n<p>Cette organisation permet \u00e0 chaque membre du CA de proposer un projet et d\u2019en assurer le suivi prioritairement. Dans le m\u00eame \u00e9tat d\u2019esprit, et comme il est pr\u00e9cis\u00e9 ci-dessus, l\u2019association souhaite \u00eatre au plus pr\u00e8s des attentes des habitants. C\u2019est pour cette raison que si&nbsp; vous avez envie d\u2019une animation pour les villageois, l\u2019association peut vous aider \u00e0 mettre en \u0153uvre ce projet. Ainsi, tout un chacun peut participer \u00e0 la mise en place d\u2019un projet, le temps d\u2019une r\u00e9union ou 2, sans pour autant \u00eatre contraint par un engagement quelconque.<\/p>\n\n\n\n<p>Par ailleurs, autour du CA gravitent toujours des b\u00e9n\u00e9voles qui apportent des coups de mains divers et vari\u00e9s pour le bon d\u00e9roulement des \u00e9v\u00e9nements.<\/p>\n\n\n\n<p>Les \u00e9v\u00e9nements propos\u00e9s par l\u2019association sont limit\u00e9s aux Montflourais et amis proches ainsi qu\u2019aux petits enfants des Montflourais. Car, malgr\u00e9 toutes les bonnes volont\u00e9s, les moyens en bras et en infrastructures restent limit\u00e9s.<\/p>\n\n\n\n<p>N\u2019h\u00e9sitez pas \u00e0 rejoindre cette \u00e9quipe si le c\u0153ur vous en dit, chacun donne le temps qu\u2019il veut\/peut.<\/p>\n\n\n\n<h2 class=\"wp-block-heading\">Le conseil d&rsquo;administration 2025 \u2013\u00a0 6 membres<\/h2>\n\n\n\n<p>H\u00e9l\u00e8ne BIRONNEAU<\/p>\n\n\n\n<p>C\u00e9cile BRUAND<\/p>\n\n\n\n<p>Fanny DE COCK<\/p>\n\n\n\n<p>Robert Jan DE VINK<\/p>\n\n\n\n<p>Corina DINU<\/p>\n\n\n\n<p>Laura PAUL<\/p>\n\n\n\n<p><em>Coordonn\u00e9es&nbsp;<\/em>: <a href=\"mailto:anim.montflours@gmail.com\">anim.montflours@gmail.com<\/a><strong><\/strong><\/p>\n\n\n\n<h2 class=\"wp-block-heading\">Le calendrier 2025<\/h2>\n\n\n\n<h3 class=\"wp-block-heading\"><em><u>Les \u00e9v\u00e8nements ponctuels<\/u>&nbsp;:<\/em><\/h3>\n\n\n\n<ul class=\"wp-block-list\">\n<li>\u00a0\u00a0\u00a0 01\/03 : Assembl\u00e9e g\u00e9n\u00e9rale<\/li>\n\n\n\n<li>\u00a0\u00a0\u00a0 20\/04 : Chasse aux \u0153ufs de P\u00e2ques<\/li>\n\n\n\n<li>\u00a0\u00a0\u00a0 25\/04 : March\u00e9 de printemps<\/li>\n\n\n\n<li>\u00a0\u00a0\u00a0 25\/05 : Jeu de piste<\/li>\n\n\n\n<li>\u00a0\u00a0\u00a0 14\/06 : Soir\u00e9e festive<\/li>\n\n\n\n<li>\u00a0\u00a0\u00a0 21\/09 : Vide-grenier*<\/li>\n\n\n\n<li>\u00a0\u00a0\u00a0 19\/12 : No\u00ebl au march\u00e9<\/li>\n<\/ul>\n\n\n\n<figure class=\"wp-block-gallery has-nested-images columns-default is-cropped wp-block-gallery-1 is-layout-flex wp-block-gallery-is-layout-flex\">\n<figure class=\"wp-block-image size-large\"><img loading=\"lazy\" decoding=\"async\" width=\"1024\" height=\"768\" data-id=\"552\" src=\"https:\/\/montflours.fr\/wp-content\/uploads\/2024\/08\/DSCN7797-1-1024x768.jpg\" alt=\"\" class=\"wp-image-552\" srcset=\"https:\/\/montflours.fr\/wp-content\/uploads\/2024\/08\/DSCN7797-1-1024x768.jpg 1024w, https:\/\/montflours.fr\/wp-content\/uploads\/2024\/08\/DSCN7797-1-300x225.jpg 300w, https:\/\/montflours.fr\/wp-content\/uploads\/2024\/08\/DSCN7797-1-768x576.jpg 768w, https:\/\/montflours.fr\/wp-content\/uploads\/2024\/08\/DSCN7797-1-1536x1152.jpg 1536w, https:\/\/montflours.fr\/wp-content\/uploads\/2024\/08\/DSCN7797-1-2048x1536.jpg 2048w, https:\/\/montflours.fr\/wp-content\/uploads\/2024\/08\/DSCN7797-1-1000x750.jpg 1000w, https:\/\/montflours.fr\/wp-content\/uploads\/2024\/08\/DSCN7797-1-230x173.jpg 230w, https:\/\/montflours.fr\/wp-content\/uploads\/2024\/08\/DSCN7797-1-350x263.jpg 350w, https:\/\/montflours.fr\/wp-content\/uploads\/2024\/08\/DSCN7797-1-480x360.jpg 480w\" sizes=\"auto, (max-width: 1024px) 100vw, 1024px\" \/><\/figure>\n<\/figure>\n\n\n\n<h3 class=\"wp-block-heading\"><em><u>Les \u00e9v\u00e8nements r\u00e9guliers<\/u>&nbsp;:<\/em><\/h3>\n\n\n\n<div class=\"wp-block-columns is-layout-flex wp-container-core-columns-is-layout-9d6595d7 wp-block-columns-is-layout-flex\">\n<div class=\"wp-block-column is-layout-flow wp-block-column-is-layout-flow\">\n<p><strong>\u2192 <\/strong><strong>Chauffe du four \u00e0 pain communal&nbsp;:<\/strong> tous les 1<sup>ers<\/sup> vendredi de chaque mois \u2013 ou 2nds, selon les caprices du ciel \u2013 d\u2019avril \u00e0 septembre toujours sous condition d\u2019une m\u00e9t\u00e9o cl\u00e9mente le four \u00e0 pain est mis en chauffe par notre \u00e9quipe de <strong>dragons<\/strong>. Chacun apporte ses petits plats et les d\u00e9guste sur place ou \u00e0 emporter. Chacun est libre \u00e9galement de participer au d\u00e9dommagement de l\u2019association pour l\u2019achat du bois.<\/p>\n\n\n\n<p>Pour rejoindre l\u2019\u00e9quipe de dragons ou prendre des renseignements, faites vous conna\u00eetre&nbsp;: <a href=\"mailto:anim.montflours@gmail.com\">anim.montflours@gmail.com<\/a><\/p>\n<\/div>\n<\/div>\n\n\n\n<p><\/p>\n\n\n\n<div class=\"wp-block-columns is-layout-flex wp-container-core-columns-is-layout-9d6595d7 wp-block-columns-is-layout-flex\">\n<div class=\"wp-block-column is-layout-flow wp-block-column-is-layout-flow\">\n<p><strong>\u2192 Le fleurissement\u00a0:<\/strong> les parterres communaux du centre bourg sont entretenus par une \u00e9quipe de b\u00e9n\u00e9voles g\u00e9r\u00e9e par \u00c9ric BOULLIER. Il s\u2019agit d\u2019un partenariat avec la Mairie. La commune ach\u00e8te les plants, command\u00e9s par Eric. Anim\u2019Montflours\u00a0g\u00e8re le b\u00eachage, la plantation et l\u2019entretien des massifs. Quelle que soit la t\u00e2che, il y a toujours des volontaires pour passer un bon moment et colorer le village.<\/p>\n\n\n\n<p>Pour rejoindre l\u2019\u00e9quipe de jardiniers, faites vous conna\u00eetre&nbsp;: <a href=\"mailto:anim.montflours@gmail.com\">anim.montflours@gmail.com<\/a> ou contacter Eric au 06 76 18 96 36.<\/p>\n<\/div>\n\n\n\n<div class=\"wp-block-column is-layout-flow wp-block-column-is-layout-flow\">\n<figure class=\"wp-block-image size-full\"><img decoding=\"async\" src=\"http:\/\/montflours.fr\/wp-content\/uploads\/2024\/08\/image0000071.jpg\" alt=\"\" class=\"wp-image-546\"\/><\/figure>\n<\/div>\n<\/div>\n\n\n\n<figure class=\"wp-block-image size-large\"><img loading=\"lazy\" decoding=\"async\" width=\"1024\" height=\"576\" src=\"http:\/\/montflours.fr\/wp-content\/uploads\/2024\/08\/Fleurissement3-1024x576.jpg\" alt=\"\" class=\"wp-image-545\" srcset=\"https:\/\/montflours.fr\/wp-content\/uploads\/2024\/08\/Fleurissement3-1024x576.jpg 1024w, https:\/\/montflours.fr\/wp-content\/uploads\/2024\/08\/Fleurissement3-300x169.jpg 300w, https:\/\/montflours.fr\/wp-content\/uploads\/2024\/08\/Fleurissement3-768x432.jpg 768w, https:\/\/montflours.fr\/wp-content\/uploads\/2024\/08\/Fleurissement3-1536x864.jpg 1536w, https:\/\/montflours.fr\/wp-content\/uploads\/2024\/08\/Fleurissement3-2048x1152.jpg 2048w, https:\/\/montflours.fr\/wp-content\/uploads\/2024\/08\/Fleurissement3-1000x563.jpg 1000w, https:\/\/montflours.fr\/wp-content\/uploads\/2024\/08\/Fleurissement3-230x129.jpg 230w, https:\/\/montflours.fr\/wp-content\/uploads\/2024\/08\/Fleurissement3-350x197.jpg 350w, https:\/\/montflours.fr\/wp-content\/uploads\/2024\/08\/Fleurissement3-480x270.jpg 480w\" sizes=\"auto, (max-width: 1024px) 100vw, 1024px\" \/><\/figure>\n\n\n\n<div class=\"wp-block-columns is-layout-flex wp-container-core-columns-is-layout-9d6595d7 wp-block-columns-is-layout-flex\">\n<div class=\"wp-block-column is-layout-flow wp-block-column-is-layout-flow\">\n<figure class=\"wp-block-image size-large\"><img loading=\"lazy\" decoding=\"async\" width=\"1024\" height=\"498\" src=\"http:\/\/montflours.fr\/wp-content\/uploads\/2024\/08\/20211217_175047-1024x498.jpg\" alt=\"\" class=\"wp-image-540\" srcset=\"https:\/\/montflours.fr\/wp-content\/uploads\/2024\/08\/20211217_175047-1024x498.jpg 1024w, https:\/\/montflours.fr\/wp-content\/uploads\/2024\/08\/20211217_175047-300x146.jpg 300w, https:\/\/montflours.fr\/wp-content\/uploads\/2024\/08\/20211217_175047-768x373.jpg 768w, https:\/\/montflours.fr\/wp-content\/uploads\/2024\/08\/20211217_175047-1536x747.jpg 1536w, https:\/\/montflours.fr\/wp-content\/uploads\/2024\/08\/20211217_175047-2048x996.jpg 2048w, https:\/\/montflours.fr\/wp-content\/uploads\/2024\/08\/20211217_175047-1000x486.jpg 1000w, https:\/\/montflours.fr\/wp-content\/uploads\/2024\/08\/20211217_175047-230x112.jpg 230w, https:\/\/montflours.fr\/wp-content\/uploads\/2024\/08\/20211217_175047-350x170.jpg 350w, https:\/\/montflours.fr\/wp-content\/uploads\/2024\/08\/20211217_175047-480x233.jpg 480w\" sizes=\"auto, (max-width: 1024px) 100vw, 1024px\" \/><\/figure>\n<\/div>\n\n\n\n<div class=\"wp-block-column is-layout-flow wp-block-column-is-layout-flow\">\n<p><strong>\u2192 Le march\u00e9*\u00a0:<\/strong> ouverture hebdomadaire le vendredi de 17 h 30 \u00e0 19 h 30 d\u2019avril \u00e0 octobre et de 17 h 30 \u00e0 19\u00a0h de novembre \u00e0 mars, voir encart particulier.<\/p>\n\n\n\n<p>Pour toute demande de renseignements&nbsp;: anim.montflours@gmail.com<\/p>\n<\/div>\n<\/div>\n\n\n\n<p><em>* \u00e9v\u00e9nement ouvert \u00e0 tout public<\/em><\/p>\n","protected":false},"excerpt":{"rendered":"<p>L&rsquo;association C\u2019est une association loi 1901 dont le but est de favoriser les \u00e9changes et la convivialit\u00e9 entre tous les habitants&nbsp;; de [&hellip;]<\/p>\n","protected":false},"author":1,"featured_media":548,"parent":0,"menu_order":0,"comment_status":"closed","ping_status":"closed","template":"","meta":{"footnotes":""},"class_list":["post-120","page","type-page","status-publish","has-post-thumbnail","hentry"],"yoast_head":"<!-- This site is optimized with the Yoast SEO plugin v22.4 - https:\/\/yoast.com\/wordpress\/plugins\/seo\/ -->\n<title>Anim&#039;Montflours - L&#039;association - Commune de Montflours<\/title>\n<meta name=\"robots\" content=\"index, follow, max-snippet:-1, max-image-preview:large, max-video-preview:-1\" \/>\n<link rel=\"canonical\" href=\"https:\/\/montflours.fr\/?page_id=120\" \/>\n<meta property=\"og:locale\" content=\"fr_FR\" \/>\n<meta property=\"og:type\" content=\"article\" \/>\n<meta property=\"og:title\" content=\"Anim&#039;Montflours - L&#039;association - Commune de Montflours\" \/>\n<meta property=\"og:description\" content=\"L&rsquo;association C\u2019est une association loi 1901 dont le but est de favoriser les \u00e9changes et la convivialit\u00e9 entre tous les habitants&nbsp;; de [&hellip;]\" \/>\n<meta property=\"og:url\" content=\"https:\/\/montflours.fr\/?page_id=120\" \/>\n<meta property=\"og:site_name\" content=\"Commune de Montflours\" \/>\n<meta property=\"article:modified_time\" content=\"2025-04-02T08:34:29+00:00\" \/>\n<meta property=\"og:image\" content=\"http:\/\/montflours.fr\/wp-content\/uploads\/2024\/08\/logo-anim.jpg\" \/>\n\t<meta property=\"og:image:width\" content=\"157\" \/>\n\t<meta property=\"og:image:height\" content=\"160\" \/>\n\t<meta property=\"og:image:type\" content=\"image\/jpeg\" \/>\n<meta name=\"twitter:card\" content=\"summary_large_image\" \/>\n<meta name=\"twitter:label1\" content=\"Dur\u00e9e de lecture estim\u00e9e\" \/>\n\t<meta name=\"twitter:data1\" content=\"4 minutes\" \/>\n<script type=\"application\/ld+json\" class=\"yoast-schema-graph\">{\"@context\":\"https:\/\/schema.org\",\"@graph\":[{\"@type\":\"WebPage\",\"@id\":\"https:\/\/montflours.fr\/?page_id=120\",\"url\":\"https:\/\/montflours.fr\/?page_id=120\",\"name\":\"Anim'Montflours - L'association - Commune de Montflours\",\"isPartOf\":{\"@id\":\"https:\/\/montflours.fr\/#website\"},\"primaryImageOfPage\":{\"@id\":\"https:\/\/montflours.fr\/?page_id=120#primaryimage\"},\"image\":{\"@id\":\"https:\/\/montflours.fr\/?page_id=120#primaryimage\"},\"thumbnailUrl\":\"https:\/\/montflours.fr\/wp-content\/uploads\/2024\/08\/logo-anim.jpg\",\"datePublished\":\"2023-12-18T14:51:32+00:00\",\"dateModified\":\"2025-04-02T08:34:29+00:00\",\"breadcrumb\":{\"@id\":\"https:\/\/montflours.fr\/?page_id=120#breadcrumb\"},\"inLanguage\":\"fr-FR\",\"potentialAction\":[{\"@type\":\"ReadAction\",\"target\":[\"https:\/\/montflours.fr\/?page_id=120\"]}]},{\"@type\":\"ImageObject\",\"inLanguage\":\"fr-FR\",\"@id\":\"https:\/\/montflours.fr\/?page_id=120#primaryimage\",\"url\":\"https:\/\/montflours.fr\/wp-content\/uploads\/2024\/08\/logo-anim.jpg\",\"contentUrl\":\"https:\/\/montflours.fr\/wp-content\/uploads\/2024\/08\/logo-anim.jpg\",\"width\":157,\"height\":160,\"caption\":\"AppleMark\"},{\"@type\":\"BreadcrumbList\",\"@id\":\"https:\/\/montflours.fr\/?page_id=120#breadcrumb\",\"itemListElement\":[{\"@type\":\"ListItem\",\"position\":1,\"name\":\"Accueil\",\"item\":\"https:\/\/montflours.fr\/\"},{\"@type\":\"ListItem\",\"position\":2,\"name\":\"Anim&rsquo;Montflours &#8211; L&rsquo;association\"}]},{\"@type\":\"WebSite\",\"@id\":\"https:\/\/montflours.fr\/#website\",\"url\":\"https:\/\/montflours.fr\/\",\"name\":\"Commune de Montflours\",\"description\":\"\",\"publisher\":{\"@id\":\"https:\/\/montflours.fr\/#organization\"},\"potentialAction\":[{\"@type\":\"SearchAction\",\"target\":{\"@type\":\"EntryPoint\",\"urlTemplate\":\"https:\/\/montflours.fr\/?s={search_term_string}\"},\"query-input\":\"required name=search_term_string\"}],\"inLanguage\":\"fr-FR\"},{\"@type\":\"Organization\",\"@id\":\"https:\/\/montflours.fr\/#organization\",\"name\":\"Commune de Montflours\",\"url\":\"https:\/\/montflours.fr\/\",\"logo\":{\"@type\":\"ImageObject\",\"inLanguage\":\"fr-FR\",\"@id\":\"https:\/\/montflours.fr\/#\/schema\/logo\/image\/\",\"url\":\"https:\/\/montflours.fr\/wp-content\/uploads\/2023\/02\/cropped-Logo-armoiries-montflours.png\",\"contentUrl\":\"https:\/\/montflours.fr\/wp-content\/uploads\/2023\/02\/cropped-Logo-armoiries-montflours.png\",\"width\":576,\"height\":611,\"caption\":\"Commune de Montflours\"},\"image\":{\"@id\":\"https:\/\/montflours.fr\/#\/schema\/logo\/image\/\"}}]}<\/script>\n<!-- \/ Yoast SEO plugin. -->","yoast_head_json":{"title":"Anim'Montflours - L'association - Commune de Montflours","robots":{"index":"index","follow":"follow","max-snippet":"max-snippet:-1","max-image-preview":"max-image-preview:large","max-video-preview":"max-video-preview:-1"},"canonical":"https:\/\/montflours.fr\/?page_id=120","og_locale":"fr_FR","og_type":"article","og_title":"Anim'Montflours - L'association - Commune de Montflours","og_description":"L&rsquo;association C\u2019est une association loi 1901 dont le but est de favoriser les \u00e9changes et la convivialit\u00e9 entre tous les habitants&nbsp;; de [&hellip;]","og_url":"https:\/\/montflours.fr\/?page_id=120","og_site_name":"Commune de Montflours","article_modified_time":"2025-04-02T08:34:29+00:00","og_image":[{"width":157,"height":160,"url":"http:\/\/montflours.fr\/wp-content\/uploads\/2024\/08\/logo-anim.jpg","type":"image\/jpeg"}],"twitter_card":"summary_large_image","twitter_misc":{"Dur\u00e9e de lecture estim\u00e9e":"4 minutes"},"schema":{"@context":"https:\/\/schema.org","@graph":[{"@type":"WebPage","@id":"https:\/\/montflours.fr\/?page_id=120","url":"https:\/\/montflours.fr\/?page_id=120","name":"Anim'Montflours - L'association - Commune de Montflours","isPartOf":{"@id":"https:\/\/montflours.fr\/#website"},"primaryImageOfPage":{"@id":"https:\/\/montflours.fr\/?page_id=120#primaryimage"},"image":{"@id":"https:\/\/montflours.fr\/?page_id=120#primaryimage"},"thumbnailUrl":"https:\/\/montflours.fr\/wp-content\/uploads\/2024\/08\/logo-anim.jpg","datePublished":"2023-12-18T14:51:32+00:00","dateModified":"2025-04-02T08:34:29+00:00","breadcrumb":{"@id":"https:\/\/montflours.fr\/?page_id=120#breadcrumb"},"inLanguage":"fr-FR","potentialAction":[{"@type":"ReadAction","target":["https:\/\/montflours.fr\/?page_id=120"]}]},{"@type":"ImageObject","inLanguage":"fr-FR","@id":"https:\/\/montflours.fr\/?page_id=120#primaryimage","url":"https:\/\/montflours.fr\/wp-content\/uploads\/2024\/08\/logo-anim.jpg","contentUrl":"https:\/\/montflours.fr\/wp-content\/uploads\/2024\/08\/logo-anim.jpg","width":157,"height":160,"caption":"AppleMark"},{"@type":"BreadcrumbList","@id":"https:\/\/montflours.fr\/?page_id=120#breadcrumb","itemListElement":[{"@type":"ListItem","position":1,"name":"Accueil","item":"https:\/\/montflours.fr\/"},{"@type":"ListItem","position":2,"name":"Anim&rsquo;Montflours &#8211; L&rsquo;association"}]},{"@type":"WebSite","@id":"https:\/\/montflours.fr\/#website","url":"https:\/\/montflours.fr\/","name":"Commune de Montflours","description":"","publisher":{"@id":"https:\/\/montflours.fr\/#organization"},"potentialAction":[{"@type":"SearchAction","target":{"@type":"EntryPoint","urlTemplate":"https:\/\/montflours.fr\/?s={search_term_string}"},"query-input":"required name=search_term_string"}],"inLanguage":"fr-FR"},{"@type":"Organization","@id":"https:\/\/montflours.fr\/#organization","name":"Commune de Montflours","url":"https:\/\/montflours.fr\/","logo":{"@type":"ImageObject","inLanguage":"fr-FR","@id":"https:\/\/montflours.fr\/#\/schema\/logo\/image\/","url":"https:\/\/montflours.fr\/wp-content\/uploads\/2023\/02\/cropped-Logo-armoiries-montflours.png","contentUrl":"https:\/\/montflours.fr\/wp-content\/uploads\/2023\/02\/cropped-Logo-armoiries-montflours.png","width":576,"height":611,"caption":"Commune de Montflours"},"image":{"@id":"https:\/\/montflours.fr\/#\/schema\/logo\/image\/"}}]}},"_links":{"self":[{"href":"https:\/\/montflours.fr\/index.php?rest_route=\/wp\/v2\/pages\/120","targetHints":{"allow":["GET"]}}],"collection":[{"href":"https:\/\/montflours.fr\/index.php?rest_route=\/wp\/v2\/pages"}],"about":[{"href":"https:\/\/montflours.fr\/index.php?rest_route=\/wp\/v2\/types\/page"}],"author":[{"embeddable":true,"href":"https:\/\/montflours.fr\/index.php?rest_route=\/wp\/v2\/users\/1"}],"replies":[{"embeddable":true,"href":"https:\/\/montflours.fr\/index.php?rest_route=%2Fwp%2Fv2%2Fcomments&post=120"}],"version-history":[{"count":8,"href":"https:\/\/montflours.fr\/index.php?rest_route=\/wp\/v2\/pages\/120\/revisions"}],"predecessor-version":[{"id":645,"href":"https:\/\/montflours.fr\/index.php?rest_route=\/wp\/v2\/pages\/120\/revisions\/645"}],"wp:featuredmedia":[{"embeddable":true,"href":"https:\/\/montflours.fr\/index.php?rest_route=\/wp\/v2\/media\/548"}],"wp:attachment":[{"href":"https:\/\/montflours.fr\/index.php?rest_route=%2Fwp%2Fv2%2Fmedia&parent=120"}],"curies":[{"name":"wp","href":"https:\/\/api.w.org\/{rel}","templated":true}]}}