{"id":114,"date":"2023-12-18T14:21:40","date_gmt":"2023-12-18T13:21:40","guid":{"rendered":"http:\/\/montflours.fr\/?page_id=114"},"modified":"2023-12-18T14:32:51","modified_gmt":"2023-12-18T13:32:51","slug":"histoire","status":"publish","type":"page","link":"https:\/\/montflours.fr\/?page_id=114","title":{"rendered":"Histoire"},"content":{"rendered":"\n<h2 class=\"wp-block-heading\"><strong>Montflours au XIX\u00e8me si\u00e8cle<\/strong><\/h2>\n\n\n\n<p>L\u2019histoire de Montflours est redevable \u00e0 un pr\u00eatre et \u00e0 un instituteur.<\/p>\n\n\n\n<p><strong>Le pr\u00eatre c\u2019est Alphonse Angot.<\/strong><\/p>\n\n\n\n<div class=\"wp-block-media-text is-stacked-on-mobile\"><figure class=\"wp-block-media-text__media\"><img loading=\"lazy\" decoding=\"async\" width=\"450\" height=\"514\" src=\"https:\/\/montflours.fr\/wp-content\/uploads\/2023\/12\/ANGOT-1.jpg\" alt=\"\" class=\"wp-image-280 size-full\" srcset=\"https:\/\/montflours.fr\/wp-content\/uploads\/2023\/12\/ANGOT-1.jpg 450w, https:\/\/montflours.fr\/wp-content\/uploads\/2023\/12\/ANGOT-1-263x300.jpg 263w\" sizes=\"auto, (max-width: 450px) 100vw, 450px\" \/><\/figure><div class=\"wp-block-media-text__content\">\n<p>Il est n\u00e9 \u00e0 Monts\u00fbrs en 1844 dans une famille de commer\u00e7ants, montre rapidement de brillantes dispositions intellectuelles. \u00c9l\u00e8ve \u00e0 l\u2019\u00e9cole de Monts\u00fbrs, il est envoy\u00e9 d\u00e8s 11 ans au petit s\u00e9minaire de Pr\u00e9cign\u00e9, dans la Sarthe, o\u00f9 il reste deux ans. Il entre ensuite au petit s\u00e9minaire de Mayenne, puis au grand s\u00e9minaire de Laval. Il est ordonn\u00e9 pr\u00eatre en 1868 \u00e0 l\u2019\u00e2ge de 24 ans. C\u2019est lorsqu\u2019il est nomm\u00e9 vicaire de la paroisse Saint-V\u00e9n\u00e9rand de Laval qu\u2019il d\u00e9bute les recherches historiques. Pouss\u00e9 par la curiosit\u00e9 et le d\u00e9sir de mener plus loin ses \u00e9tudes sur l\u2019histoire locale, il franchit, vers 1876, la porte des Archives d\u00e9partementales. D\u00e8s lors, il entame un travail qu\u2019il ne cessera plus jusqu\u2019\u00e0 sa mort en 1917.<\/p>\n<\/div><\/div>\n\n\n\n<p>D\u00e9couvreur de textes anciens, infatigable chercheur, travailleur m\u00e9thodique, amoureux de la Mayenne &#8211; qu\u2019il parcourt \u00e0 pied&nbsp;&#8211; il a inlassablement rassembl\u00e9, d\u00e9pouill\u00e9, ordonn\u00e9, analys\u00e9 et interrog\u00e9 les sources \u00e9crites et les traces du pass\u00e9.<\/p>\n\n\n\n<p>Pas moins de 160 publications \u2013 sur des sujets tr\u00e8s vari\u00e9s \u2013 &nbsp;portent sa signature. Il est en particulier l\u2019auteur d\u2019une remarquable trilogie que peu de d\u00e9partements peuvent s\u2019enorgueillir de poss\u00e9der&nbsp;: le&nbsp;<em>Dictionnaire historique, topographique et biographique de la Mayenne<\/em>&nbsp;(en 4 volumes), l\u2019<em>Armorial monumental de la Mayenne<\/em>&nbsp;et l\u2019<em>\u00c9pigraphie de la Mayenne<\/em>.<\/p>\n\n\n\n<p><a href=\"https:\/\/chercher-archives.lamayenne.fr\/le-dictionnaire-historique-topographique-et-biographique-de-la-mayenne\">Le dictionnaire de l&rsquo;abb\u00e9 Angot est en ligne.<\/a> <\/p>\n\n\n\n<p>Vous pourrez y d\u00e9couvrir une partie de l&rsquo;histoire connue de notre commune.<\/p>\n\n\n\n<p><strong>L\u2019instituteur c\u2019est P Gaumer.<\/strong><\/p>\n\n\n\n<p>Monsieur Gaumer \u00e9tait instituteur \u00e0 la fin du XIX\u00e8me si\u00e8cle. Il a joliment trac\u00e9 \u00e0 la plume une monographie de Montflours Son travail s\u2019inscrit dans un vaste projet d\u2019\u00e9criture de monographies communales. Voici un texte des Archives d\u00e9partementales de Laval qui en fait \u00e9tat&nbsp;:<\/p>\n\n\n\n<blockquote class=\"wp-block-quote is-layout-flow wp-block-quote-is-layout-flow\">\n<blockquote class=\"wp-block-quote is-layout-flow wp-block-quote-is-layout-flow\">\n<blockquote class=\"wp-block-quote is-layout-flow wp-block-quote-is-layout-flow\">\n<p><em>En 1899, les instituteurs et institutrices de la Mayenne ont particip\u00e9, sous l&rsquo;impulsion de l&rsquo;inspecteur d&rsquo;acad\u00e9mie L\u00e9opold Le Balle, \u00e0 l&rsquo;\u00e9laboration de cette \u0153uvre collective qui fut pr\u00e9sent\u00e9e et r\u00e9compens\u00e9e \u00e0 l&rsquo;Exposition universelle de 1900.(&#8230;)Cet ensemble de 268 monographies, dans lequel chaque auteur s&rsquo;est attach\u00e9 \u00e0 d\u00e9crire sa commune sous tous ses aspects &#8211; g\u00e9ographique, \u00e9conomique, administratif -, compose un tableau extr\u00eamement riche et vari\u00e9 du d\u00e9partement de la Mayenne, tel qu&rsquo;il se pr\u00e9sentait il y a plus d&rsquo;un si\u00e8cle.<\/em><\/p>\n\n\n\n<p><em>(\u2026) La publication, canton par canton, de ces monographies, dont les textes sont souvent accompagn\u00e9s d&rsquo;illustrations originales, permet de constater la qualit\u00e9 du travail accompli par les \u00ab hussards noirs de la R\u00e9publique \u00bb, t\u00e9moins attentifs de leur \u00e9poque et d&rsquo;un cadre de vie qui nous semble aujourd&rsquo;hui bien lointain.<\/em><\/p>\n\n\n\n<p><em>(\u2026) L&rsquo;ensemble compose un tableau unique du d\u00e9partement de la Mayenne tel qu&rsquo;il se pr\u00e9sentait \u00e0 l&rsquo;aube du XXe si\u00e8cle.<\/em><\/p>\n<cite>Archives D\u00e9partementales de Laval<\/cite><\/blockquote>\n<\/blockquote>\n<\/blockquote>\n\n\n\n<p><a href=\"https:\/\/chercher-archives.lamayenne.fr\/archives-en-ligne\/ead.html?id=FRAD053_2NUM026_RM&amp;c=FRAD053_2NUM026_RM_de-161&amp;qid=\">On peux lire la monographie communale de Montflours sur le site des Archives D\u00e9partementales de la Mayenne.<\/a>&nbsp; <\/p>\n\n\n\n<figure class=\"wp-block-image size-full\"><img loading=\"lazy\" decoding=\"async\" width=\"661\" height=\"710\" src=\"https:\/\/montflours.fr\/wp-content\/uploads\/2023\/12\/carte-histoire.jpg\" alt=\"\" class=\"wp-image-273\" srcset=\"https:\/\/montflours.fr\/wp-content\/uploads\/2023\/12\/carte-histoire.jpg 661w, https:\/\/montflours.fr\/wp-content\/uploads\/2023\/12\/carte-histoire-279x300.jpg 279w\" sizes=\"auto, (max-width: 661px) 100vw, 661px\" \/><\/figure>\n","protected":false},"excerpt":{"rendered":"<p>Montflours au XIX\u00e8me si\u00e8cle L\u2019histoire de Montflours est redevable \u00e0 un pr\u00eatre et \u00e0 un instituteur. Le pr\u00eatre c\u2019est Alphonse Angot. Il [&hellip;]<\/p>\n","protected":false},"author":1,"featured_media":0,"parent":0,"menu_order":0,"comment_status":"closed","ping_status":"closed","template":"","meta":{"footnotes":""},"class_list":["post-114","page","type-page","status-publish","hentry"],"yoast_head":"<!-- This site is optimized with the Yoast SEO plugin v22.4 - https:\/\/yoast.com\/wordpress\/plugins\/seo\/ -->\n<title>Histoire - Commune de Montflours<\/title>\n<meta name=\"robots\" content=\"index, follow, max-snippet:-1, max-image-preview:large, max-video-preview:-1\" \/>\n<link rel=\"canonical\" href=\"https:\/\/montflours.fr\/?page_id=114\" \/>\n<meta property=\"og:locale\" content=\"fr_FR\" \/>\n<meta property=\"og:type\" content=\"article\" \/>\n<meta property=\"og:title\" content=\"Histoire - Commune de Montflours\" \/>\n<meta property=\"og:description\" content=\"Montflours au XIX\u00e8me si\u00e8cle L\u2019histoire de Montflours est redevable \u00e0 un pr\u00eatre et \u00e0 un instituteur. Le pr\u00eatre c\u2019est Alphonse Angot. Il [&hellip;]\" \/>\n<meta property=\"og:url\" content=\"https:\/\/montflours.fr\/?page_id=114\" \/>\n<meta property=\"og:site_name\" content=\"Commune de Montflours\" \/>\n<meta property=\"article:modified_time\" content=\"2023-12-18T13:32:51+00:00\" \/>\n<meta property=\"og:image\" content=\"https:\/\/montflours.fr\/wp-content\/uploads\/2023\/12\/ANGOT-1.jpg\" \/>\n<meta name=\"twitter:card\" content=\"summary_large_image\" \/>\n<meta name=\"twitter:label1\" content=\"Dur\u00e9e de lecture estim\u00e9e\" \/>\n\t<meta name=\"twitter:data1\" content=\"3 minutes\" \/>\n<script type=\"application\/ld+json\" class=\"yoast-schema-graph\">{\"@context\":\"https:\/\/schema.org\",\"@graph\":[{\"@type\":\"WebPage\",\"@id\":\"https:\/\/montflours.fr\/?page_id=114\",\"url\":\"https:\/\/montflours.fr\/?page_id=114\",\"name\":\"Histoire - Commune de Montflours\",\"isPartOf\":{\"@id\":\"https:\/\/montflours.fr\/#website\"},\"primaryImageOfPage\":{\"@id\":\"https:\/\/montflours.fr\/?page_id=114#primaryimage\"},\"image\":{\"@id\":\"https:\/\/montflours.fr\/?page_id=114#primaryimage\"},\"thumbnailUrl\":\"https:\/\/montflours.fr\/wp-content\/uploads\/2023\/12\/ANGOT-1.jpg\",\"datePublished\":\"2023-12-18T13:21:40+00:00\",\"dateModified\":\"2023-12-18T13:32:51+00:00\",\"breadcrumb\":{\"@id\":\"https:\/\/montflours.fr\/?page_id=114#breadcrumb\"},\"inLanguage\":\"fr-FR\",\"potentialAction\":[{\"@type\":\"ReadAction\",\"target\":[\"https:\/\/montflours.fr\/?page_id=114\"]}]},{\"@type\":\"ImageObject\",\"inLanguage\":\"fr-FR\",\"@id\":\"https:\/\/montflours.fr\/?page_id=114#primaryimage\",\"url\":\"https:\/\/montflours.fr\/wp-content\/uploads\/2023\/12\/ANGOT-1.jpg\",\"contentUrl\":\"https:\/\/montflours.fr\/wp-content\/uploads\/2023\/12\/ANGOT-1.jpg\",\"width\":450,\"height\":514},{\"@type\":\"BreadcrumbList\",\"@id\":\"https:\/\/montflours.fr\/?page_id=114#breadcrumb\",\"itemListElement\":[{\"@type\":\"ListItem\",\"position\":1,\"name\":\"Accueil\",\"item\":\"https:\/\/montflours.fr\/\"},{\"@type\":\"ListItem\",\"position\":2,\"name\":\"Histoire\"}]},{\"@type\":\"WebSite\",\"@id\":\"https:\/\/montflours.fr\/#website\",\"url\":\"https:\/\/montflours.fr\/\",\"name\":\"Commune de Montflours\",\"description\":\"\",\"publisher\":{\"@id\":\"https:\/\/montflours.fr\/#organization\"},\"potentialAction\":[{\"@type\":\"SearchAction\",\"target\":{\"@type\":\"EntryPoint\",\"urlTemplate\":\"https:\/\/montflours.fr\/?s={search_term_string}\"},\"query-input\":\"required name=search_term_string\"}],\"inLanguage\":\"fr-FR\"},{\"@type\":\"Organization\",\"@id\":\"https:\/\/montflours.fr\/#organization\",\"name\":\"Commune de Montflours\",\"url\":\"https:\/\/montflours.fr\/\",\"logo\":{\"@type\":\"ImageObject\",\"inLanguage\":\"fr-FR\",\"@id\":\"https:\/\/montflours.fr\/#\/schema\/logo\/image\/\",\"url\":\"https:\/\/montflours.fr\/wp-content\/uploads\/2023\/02\/cropped-Logo-armoiries-montflours.png\",\"contentUrl\":\"https:\/\/montflours.fr\/wp-content\/uploads\/2023\/02\/cropped-Logo-armoiries-montflours.png\",\"width\":576,\"height\":611,\"caption\":\"Commune de Montflours\"},\"image\":{\"@id\":\"https:\/\/montflours.fr\/#\/schema\/logo\/image\/\"}}]}<\/script>\n<!-- \/ Yoast SEO plugin. -->","yoast_head_json":{"title":"Histoire - Commune de Montflours","robots":{"index":"index","follow":"follow","max-snippet":"max-snippet:-1","max-image-preview":"max-image-preview:large","max-video-preview":"max-video-preview:-1"},"canonical":"https:\/\/montflours.fr\/?page_id=114","og_locale":"fr_FR","og_type":"article","og_title":"Histoire - Commune de Montflours","og_description":"Montflours au XIX\u00e8me si\u00e8cle L\u2019histoire de Montflours est redevable \u00e0 un pr\u00eatre et \u00e0 un instituteur. Le pr\u00eatre c\u2019est Alphonse Angot. Il [&hellip;]","og_url":"https:\/\/montflours.fr\/?page_id=114","og_site_name":"Commune de Montflours","article_modified_time":"2023-12-18T13:32:51+00:00","og_image":[{"url":"https:\/\/montflours.fr\/wp-content\/uploads\/2023\/12\/ANGOT-1.jpg"}],"twitter_card":"summary_large_image","twitter_misc":{"Dur\u00e9e de lecture estim\u00e9e":"3 minutes"},"schema":{"@context":"https:\/\/schema.org","@graph":[{"@type":"WebPage","@id":"https:\/\/montflours.fr\/?page_id=114","url":"https:\/\/montflours.fr\/?page_id=114","name":"Histoire - Commune de Montflours","isPartOf":{"@id":"https:\/\/montflours.fr\/#website"},"primaryImageOfPage":{"@id":"https:\/\/montflours.fr\/?page_id=114#primaryimage"},"image":{"@id":"https:\/\/montflours.fr\/?page_id=114#primaryimage"},"thumbnailUrl":"https:\/\/montflours.fr\/wp-content\/uploads\/2023\/12\/ANGOT-1.jpg","datePublished":"2023-12-18T13:21:40+00:00","dateModified":"2023-12-18T13:32:51+00:00","breadcrumb":{"@id":"https:\/\/montflours.fr\/?page_id=114#breadcrumb"},"inLanguage":"fr-FR","potentialAction":[{"@type":"ReadAction","target":["https:\/\/montflours.fr\/?page_id=114"]}]},{"@type":"ImageObject","inLanguage":"fr-FR","@id":"https:\/\/montflours.fr\/?page_id=114#primaryimage","url":"https:\/\/montflours.fr\/wp-content\/uploads\/2023\/12\/ANGOT-1.jpg","contentUrl":"https:\/\/montflours.fr\/wp-content\/uploads\/2023\/12\/ANGOT-1.jpg","width":450,"height":514},{"@type":"BreadcrumbList","@id":"https:\/\/montflours.fr\/?page_id=114#breadcrumb","itemListElement":[{"@type":"ListItem","position":1,"name":"Accueil","item":"https:\/\/montflours.fr\/"},{"@type":"ListItem","position":2,"name":"Histoire"}]},{"@type":"WebSite","@id":"https:\/\/montflours.fr\/#website","url":"https:\/\/montflours.fr\/","name":"Commune de Montflours","description":"","publisher":{"@id":"https:\/\/montflours.fr\/#organization"},"potentialAction":[{"@type":"SearchAction","target":{"@type":"EntryPoint","urlTemplate":"https:\/\/montflours.fr\/?s={search_term_string}"},"query-input":"required name=search_term_string"}],"inLanguage":"fr-FR"},{"@type":"Organization","@id":"https:\/\/montflours.fr\/#organization","name":"Commune de Montflours","url":"https:\/\/montflours.fr\/","logo":{"@type":"ImageObject","inLanguage":"fr-FR","@id":"https:\/\/montflours.fr\/#\/schema\/logo\/image\/","url":"https:\/\/montflours.fr\/wp-content\/uploads\/2023\/02\/cropped-Logo-armoiries-montflours.png","contentUrl":"https:\/\/montflours.fr\/wp-content\/uploads\/2023\/02\/cropped-Logo-armoiries-montflours.png","width":576,"height":611,"caption":"Commune de Montflours"},"image":{"@id":"https:\/\/montflours.fr\/#\/schema\/logo\/image\/"}}]}},"_links":{"self":[{"href":"https:\/\/montflours.fr\/index.php?rest_route=\/wp\/v2\/pages\/114","targetHints":{"allow":["GET"]}}],"collection":[{"href":"https:\/\/montflours.fr\/index.php?rest_route=\/wp\/v2\/pages"}],"about":[{"href":"https:\/\/montflours.fr\/index.php?rest_route=\/wp\/v2\/types\/page"}],"author":[{"embeddable":true,"href":"https:\/\/montflours.fr\/index.php?rest_route=\/wp\/v2\/users\/1"}],"replies":[{"embeddable":true,"href":"https:\/\/montflours.fr\/index.php?rest_route=%2Fwp%2Fv2%2Fcomments&post=114"}],"version-history":[{"count":4,"href":"https:\/\/montflours.fr\/index.php?rest_route=\/wp\/v2\/pages\/114\/revisions"}],"predecessor-version":[{"id":281,"href":"https:\/\/montflours.fr\/index.php?rest_route=\/wp\/v2\/pages\/114\/revisions\/281"}],"wp:attachment":[{"href":"https:\/\/montflours.fr\/index.php?rest_route=%2Fwp%2Fv2%2Fmedia&parent=114"}],"curies":[{"name":"wp","href":"https:\/\/api.w.org\/{rel}","templated":true}]}}